{"id":3847,"date":"2024-04-29T11:01:39","date_gmt":"2024-04-29T09:01:39","guid":{"rendered":"https:\/\/charlesdeppierraz.com\/snail\/"},"modified":"2025-11-05T09:12:50","modified_gmt":"2025-11-05T08:12:50","slug":"snail","status":"publish","type":"page","link":"https:\/\/charlesdeppierraz.com\/de\/snail\/","title":{"rendered":"Snail"},"content":{"rendered":"\t\t<div data-elementor-type=\"wp-page\" data-elementor-id=\"3847\" class=\"elementor elementor-3847 elementor-2680\" data-elementor-post-type=\"page\">\n\t\t\t\t<div class=\"elementor-element elementor-element-3dea1441 e-flex e-con-boxed e-con e-parent\" data-id=\"3dea1441\" data-element_type=\"container\" data-e-type=\"container\">\n\t\t\t\t\t<div class=\"e-con-inner\">\n\t\t\t\t<div class=\"elementor-element elementor-element-1e3147dc elementor-widget elementor-widget-image\" data-id=\"1e3147dc\" data-element_type=\"widget\" data-e-type=\"widget\" data-widget_type=\"image.default\">\n\t\t\t\t<div class=\"elementor-widget-container\">\n\t\t\t\t\t\t\t\t\t\t\t\t\t\t\t<img fetchpriority=\"high\" decoding=\"async\" width=\"2560\" height=\"1440\" src=\"https:\/\/charlesdeppierraz.com\/wp-content\/uploads\/2025\/07\/Snail_port_st_Laurent_3-scaled.jpg\" class=\"attachment-full size-full wp-image-3299\" alt=\"\" srcset=\"https:\/\/charlesdeppierraz.com\/wp-content\/uploads\/2025\/07\/Snail_port_st_Laurent_3-scaled.jpg 2560w, https:\/\/charlesdeppierraz.com\/wp-content\/uploads\/2025\/07\/Snail_port_st_Laurent_3-300x169.jpg 300w, https:\/\/charlesdeppierraz.com\/wp-content\/uploads\/2025\/07\/Snail_port_st_Laurent_3-1024x576.jpg 1024w, https:\/\/charlesdeppierraz.com\/wp-content\/uploads\/2025\/07\/Snail_port_st_Laurent_3-768x432.jpg 768w, https:\/\/charlesdeppierraz.com\/wp-content\/uploads\/2025\/07\/Snail_port_st_Laurent_3-1536x864.jpg 1536w, https:\/\/charlesdeppierraz.com\/wp-content\/uploads\/2025\/07\/Snail_port_st_Laurent_3-2048x1152.jpg 2048w\" sizes=\"(max-width: 2560px) 100vw, 2560px\" \/>\t\t\t\t\t\t\t\t\t\t\t\t\t\t\t<\/div>\n\t\t\t\t<\/div>\n\t\t\t\t<div class=\"elementor-element elementor-element-1e567f44 elementor-widget elementor-widget-heading\" data-id=\"1e567f44\" data-element_type=\"widget\" data-e-type=\"widget\" data-widget_type=\"heading.default\">\n\t\t\t\t<div class=\"elementor-widget-container\">\n\t\t\t\t\t<h2 class=\"elementor-heading-title elementor-size-default\">Snail<\/h2>\t\t\t\t<\/div>\n\t\t\t\t<\/div>\n\t\t\t\t<div class=\"elementor-element elementor-element-d5cda2f elementor-widget elementor-widget-text-editor\" data-id=\"d5cda2f\" data-element_type=\"widget\" data-e-type=\"widget\" data-widget_type=\"text-editor.default\">\n\t\t\t\t<div class=\"elementor-widget-container\">\n\t\t\t\t\t\t\t\t\t<p>Beistelltisch aus Marmor.<\/p><p>Jedes St\u00fcck ist signiert, nummeriert und wird mit einem Echtheitszertifikat geliefert.<\/p><p>In Italien von den Handwerkern des Hauses Serafini gefertigt.<\/p><p>Ma\u00dfe: H 700 mm B 650 mm T 500 mm (Nutzfl\u00e4che 400 mm x 400 mm).<\/p><p><span style=\"color: var( --e-global-color-text ); text-align: var(--text-align);\">Lieferzeit zwischen 10 und 12 Wochen.<\/span><\/p><p>Individuelle Ausf\u00fchrungen auf Anfrage.<\/p>\t\t\t\t\t\t\t\t<\/div>\n\t\t\t\t<\/div>\n\t\t\t\t\t<\/div>\n\t\t\t\t<\/div>\n\t\t<div class=\"elementor-element elementor-element-2b996e0e e-flex e-con-boxed e-con e-parent\" data-id=\"2b996e0e\" data-element_type=\"container\" data-e-type=\"container\">\n\t\t\t\t\t<div class=\"e-con-inner\">\n\t\t<div class=\"elementor-element elementor-element-5b87ec6e e-con-full e-flex e-con e-child\" data-id=\"5b87ec6e\" data-element_type=\"container\" data-e-type=\"container\">\n\t\t\t\t<div class=\"elementor-element elementor-element-2e55da0f elementor-align-center elementor-widget elementor-widget-button\" data-id=\"2e55da0f\" data-element_type=\"widget\" data-e-type=\"widget\" data-widget_type=\"button.default\">\n\t\t\t\t<div class=\"elementor-widget-container\">\n\t\t\t\t\t\t\t\t\t<div class=\"elementor-button-wrapper\">\n\t\t\t\t\t<a class=\"elementor-button elementor-button-link elementor-size-md\" href=\"mailto:acquisitions@charlesdeppierraz.com\">\n\t\t\t\t\t\t<span class=\"elementor-button-content-wrapper\">\n\t\t\t\t\t\t\t\t\t<span class=\"elementor-button-text\">Angebot anfordern<\/span>\n\t\t\t\t\t<\/span>\n\t\t\t\t\t<\/a>\n\t\t\t\t<\/div>\n\t\t\t\t\t\t\t\t<\/div>\n\t\t\t\t<\/div>\n\t\t\t\t<\/div>\n\t\t<div class=\"elementor-element elementor-element-4d5d703a e-con-full e-flex e-con e-child\" data-id=\"4d5d703a\" data-element_type=\"container\" data-e-type=\"container\">\n\t\t\t\t<div class=\"elementor-element elementor-element-134dc73b elementor-align-center elementor-widget elementor-widget-button\" data-id=\"134dc73b\" data-element_type=\"widget\" data-e-type=\"widget\" data-widget_type=\"button.default\">\n\t\t\t\t<div class=\"elementor-widget-container\">\n\t\t\t\t\t\t\t\t\t<div class=\"elementor-button-wrapper\">\n\t\t\t\t\t<a class=\"elementor-button elementor-button-link elementor-size-md\" href=\"https:\/\/s3.eu-north-1.amazonaws.com\/charlesdeppierraz.com\/Snail.pdf\">\n\t\t\t\t\t\t<span class=\"elementor-button-content-wrapper\">\n\t\t\t\t\t\t<span class=\"elementor-button-icon\">\n\t\t\t\t<i aria-hidden=\"true\" class=\"far fa-file-pdf\"><\/i>\t\t\t<\/span>\n\t\t\t\t\t\t\t\t\t<span class=\"elementor-button-text\">Dokumentation herunterladen<\/span>\n\t\t\t\t\t<\/span>\n\t\t\t\t\t<\/a>\n\t\t\t\t<\/div>\n\t\t\t\t\t\t\t\t<\/div>\n\t\t\t\t<\/div>\n\t\t\t\t<\/div>\n\t\t\t\t\t<\/div>\n\t\t\t\t<\/div>\n\t\t<div class=\"elementor-element elementor-element-560e67b1 e-flex e-con-boxed e-con e-parent\" data-id=\"560e67b1\" data-element_type=\"container\" data-e-type=\"container\">\n\t\t\t\t\t<div class=\"e-con-inner\">\n\t\t\t\t<div class=\"elementor-element elementor-element-3ac5e376 elementor-widget elementor-widget-image\" data-id=\"3ac5e376\" data-element_type=\"widget\" data-e-type=\"widget\" data-widget_type=\"image.default\">\n\t\t\t\t<div class=\"elementor-widget-container\">\n\t\t\t\t\t\t\t\t\t\t\t\t\t\t\t<img decoding=\"async\" width=\"2560\" height=\"1440\" src=\"https:\/\/charlesdeppierraz.com\/wp-content\/uploads\/2025\/07\/Snail_port_st_Laurent_4-scaled.jpg\" class=\"attachment-full size-full wp-image-3862\" alt=\"\" srcset=\"https:\/\/charlesdeppierraz.com\/wp-content\/uploads\/2025\/07\/Snail_port_st_Laurent_4-scaled.jpg 2560w, https:\/\/charlesdeppierraz.com\/wp-content\/uploads\/2025\/07\/Snail_port_st_Laurent_4-300x169.jpg 300w, https:\/\/charlesdeppierraz.com\/wp-content\/uploads\/2025\/07\/Snail_port_st_Laurent_4-1024x576.jpg 1024w, https:\/\/charlesdeppierraz.com\/wp-content\/uploads\/2025\/07\/Snail_port_st_Laurent_4-768x432.jpg 768w, https:\/\/charlesdeppierraz.com\/wp-content\/uploads\/2025\/07\/Snail_port_st_Laurent_4-1536x864.jpg 1536w, https:\/\/charlesdeppierraz.com\/wp-content\/uploads\/2025\/07\/Snail_port_st_Laurent_4-2048x1152.jpg 2048w\" sizes=\"(max-width: 2560px) 100vw, 2560px\" \/>\t\t\t\t\t\t\t\t\t\t\t\t\t\t\t<\/div>\n\t\t\t\t<\/div>\n\t\t\t\t<div class=\"elementor-element elementor-element-6e1b10bc elementor-widget elementor-widget-image\" data-id=\"6e1b10bc\" data-element_type=\"widget\" data-e-type=\"widget\" data-widget_type=\"image.default\">\n\t\t\t\t<div class=\"elementor-widget-container\">\n\t\t\t\t\t\t\t\t\t\t\t\t\t\t\t<img decoding=\"async\" width=\"2560\" height=\"1440\" src=\"https:\/\/charlesdeppierraz.com\/wp-content\/uploads\/2025\/07\/Snail_port_st_Laurent_7-scaled.jpg\" class=\"attachment-full size-full wp-image-3861\" alt=\"\" srcset=\"https:\/\/charlesdeppierraz.com\/wp-content\/uploads\/2025\/07\/Snail_port_st_Laurent_7-scaled.jpg 2560w, https:\/\/charlesdeppierraz.com\/wp-content\/uploads\/2025\/07\/Snail_port_st_Laurent_7-300x169.jpg 300w, https:\/\/charlesdeppierraz.com\/wp-content\/uploads\/2025\/07\/Snail_port_st_Laurent_7-1024x576.jpg 1024w, https:\/\/charlesdeppierraz.com\/wp-content\/uploads\/2025\/07\/Snail_port_st_Laurent_7-768x432.jpg 768w, https:\/\/charlesdeppierraz.com\/wp-content\/uploads\/2025\/07\/Snail_port_st_Laurent_7-1536x864.jpg 1536w, https:\/\/charlesdeppierraz.com\/wp-content\/uploads\/2025\/07\/Snail_port_st_Laurent_7-2048x1152.jpg 2048w\" sizes=\"(max-width: 2560px) 100vw, 2560px\" \/>\t\t\t\t\t\t\t\t\t\t\t\t\t\t\t<\/div>\n\t\t\t\t<\/div>\n\t\t\t\t<div class=\"elementor-element elementor-element-162f7de9 elementor-widget elementor-widget-image\" data-id=\"162f7de9\" data-element_type=\"widget\" data-e-type=\"widget\" data-widget_type=\"image.default\">\n\t\t\t\t<div class=\"elementor-widget-container\">\n\t\t\t\t\t\t\t\t\t\t\t\t\t\t\t<img loading=\"lazy\" decoding=\"async\" width=\"2560\" height=\"1440\" src=\"https:\/\/charlesdeppierraz.com\/wp-content\/uploads\/2025\/07\/Snail_port_st_Laurent_6-scaled.jpg\" class=\"attachment-full size-full wp-image-3864\" alt=\"\" srcset=\"https:\/\/charlesdeppierraz.com\/wp-content\/uploads\/2025\/07\/Snail_port_st_Laurent_6-scaled.jpg 2560w, https:\/\/charlesdeppierraz.com\/wp-content\/uploads\/2025\/07\/Snail_port_st_Laurent_6-300x169.jpg 300w, https:\/\/charlesdeppierraz.com\/wp-content\/uploads\/2025\/07\/Snail_port_st_Laurent_6-1024x576.jpg 1024w, https:\/\/charlesdeppierraz.com\/wp-content\/uploads\/2025\/07\/Snail_port_st_Laurent_6-768x432.jpg 768w, https:\/\/charlesdeppierraz.com\/wp-content\/uploads\/2025\/07\/Snail_port_st_Laurent_6-1536x864.jpg 1536w, https:\/\/charlesdeppierraz.com\/wp-content\/uploads\/2025\/07\/Snail_port_st_Laurent_6-2048x1152.jpg 2048w\" sizes=\"(max-width: 2560px) 100vw, 2560px\" \/>\t\t\t\t\t\t\t\t\t\t\t\t\t\t\t<\/div>\n\t\t\t\t<\/div>\n\t\t\t\t<div class=\"elementor-element elementor-element-b3f7fc0 elementor-widget elementor-widget-image\" data-id=\"b3f7fc0\" data-element_type=\"widget\" data-e-type=\"widget\" data-widget_type=\"image.default\">\n\t\t\t\t<div class=\"elementor-widget-container\">\n\t\t\t\t\t\t\t\t\t\t\t\t\t\t\t<img loading=\"lazy\" decoding=\"async\" width=\"2560\" height=\"1440\" src=\"https:\/\/charlesdeppierraz.com\/wp-content\/uploads\/2025\/07\/Snail_port_st_Laurent_8-scaled.jpg\" class=\"attachment-full size-full wp-image-3865\" alt=\"\" srcset=\"https:\/\/charlesdeppierraz.com\/wp-content\/uploads\/2025\/07\/Snail_port_st_Laurent_8-scaled.jpg 2560w, https:\/\/charlesdeppierraz.com\/wp-content\/uploads\/2025\/07\/Snail_port_st_Laurent_8-300x169.jpg 300w, https:\/\/charlesdeppierraz.com\/wp-content\/uploads\/2025\/07\/Snail_port_st_Laurent_8-1024x576.jpg 1024w, https:\/\/charlesdeppierraz.com\/wp-content\/uploads\/2025\/07\/Snail_port_st_Laurent_8-768x432.jpg 768w, https:\/\/charlesdeppierraz.com\/wp-content\/uploads\/2025\/07\/Snail_port_st_Laurent_8-1536x864.jpg 1536w, https:\/\/charlesdeppierraz.com\/wp-content\/uploads\/2025\/07\/Snail_port_st_Laurent_8-2048x1152.jpg 2048w\" sizes=\"(max-width: 2560px) 100vw, 2560px\" \/>\t\t\t\t\t\t\t\t\t\t\t\t\t\t\t<\/div>\n\t\t\t\t<\/div>\n\t\t\t\t\t<\/div>\n\t\t\t\t<\/div>\n\t\t\t\t<\/div>\n\t\t","protected":false},"excerpt":{"rendered":"<p>Snail Beistelltisch aus Marmor. Jedes St\u00fcck ist signiert, nummeriert und wird mit einem Echtheitszertifikat geliefert. In Italien von den Handwerkern des Hauses Serafini gefertigt. Ma\u00dfe: H 700 mm B 650 mm T 500 mm (Nutzfl\u00e4che 400 mm x 400 mm). Lieferzeit zwischen 10 und 12 Wochen. Individuelle Ausf\u00fchrungen auf Anfrage. Angebot anfordern Dokumentation herunterladen<\/p>\n","protected":false},"author":1,"featured_media":3867,"parent":0,"menu_order":0,"comment_status":"closed","ping_status":"closed","template":"","meta":{"footnotes":""},"categories":[],"tags":[],"class_list":["post-3847","page","type-page","status-publish","has-post-thumbnail","hentry"],"_links":{"self":[{"href":"https:\/\/charlesdeppierraz.com\/de\/wp-json\/wp\/v2\/pages\/3847","targetHints":{"allow":["GET"]}}],"collection":[{"href":"https:\/\/charlesdeppierraz.com\/de\/wp-json\/wp\/v2\/pages"}],"about":[{"href":"https:\/\/charlesdeppierraz.com\/de\/wp-json\/wp\/v2\/types\/page"}],"author":[{"embeddable":true,"href":"https:\/\/charlesdeppierraz.com\/de\/wp-json\/wp\/v2\/users\/1"}],"replies":[{"embeddable":true,"href":"https:\/\/charlesdeppierraz.com\/de\/wp-json\/wp\/v2\/comments?post=3847"}],"version-history":[{"count":1,"href":"https:\/\/charlesdeppierraz.com\/de\/wp-json\/wp\/v2\/pages\/3847\/revisions"}],"predecessor-version":[{"id":3868,"href":"https:\/\/charlesdeppierraz.com\/de\/wp-json\/wp\/v2\/pages\/3847\/revisions\/3868"}],"wp:featuredmedia":[{"embeddable":true,"href":"https:\/\/charlesdeppierraz.com\/de\/wp-json\/wp\/v2\/media\/3867"}],"wp:attachment":[{"href":"https:\/\/charlesdeppierraz.com\/de\/wp-json\/wp\/v2\/media?parent=3847"}],"wp:term":[{"taxonomy":"category","embeddable":true,"href":"https:\/\/charlesdeppierraz.com\/de\/wp-json\/wp\/v2\/categories?post=3847"},{"taxonomy":"post_tag","embeddable":true,"href":"https:\/\/charlesdeppierraz.com\/de\/wp-json\/wp\/v2\/tags?post=3847"}],"curies":[{"name":"wp","href":"https:\/\/api.w.org\/{rel}","templated":true}]}}