{"id":3818,"date":"2024-04-29T11:09:47","date_gmt":"2024-04-29T09:09:47","guid":{"rendered":"https:\/\/charlesdeppierraz.com\/laurence\/"},"modified":"2025-11-05T09:12:37","modified_gmt":"2025-11-05T08:12:37","slug":"laurence","status":"publish","type":"page","link":"https:\/\/charlesdeppierraz.com\/de\/laurence\/","title":{"rendered":"Laurence"},"content":{"rendered":"\t\t<div data-elementor-type=\"wp-page\" data-elementor-id=\"3818\" class=\"elementor elementor-3818 elementor-2695\" data-elementor-post-type=\"page\">\n\t\t\t\t<div class=\"elementor-element elementor-element-1b7bac8e e-flex e-con-boxed e-con e-parent\" data-id=\"1b7bac8e\" data-element_type=\"container\" data-e-type=\"container\">\n\t\t\t\t\t<div class=\"e-con-inner\">\n\t\t\t\t<div class=\"elementor-element elementor-element-6a0b0e6f elementor-widget elementor-widget-image\" data-id=\"6a0b0e6f\" data-element_type=\"widget\" data-e-type=\"widget\" data-widget_type=\"image.default\">\n\t\t\t\t<div class=\"elementor-widget-container\">\n\t\t\t\t\t\t\t\t\t\t\t\t\t\t\t<img fetchpriority=\"high\" decoding=\"async\" width=\"2560\" height=\"1440\" src=\"https:\/\/charlesdeppierraz.com\/wp-content\/uploads\/2025\/09\/1_Laurence_verde_note_Charles_Emmanuel_Deppierraz-scaled.jpg\" class=\"attachment-full size-full wp-image-3297\" alt=\"\" srcset=\"https:\/\/charlesdeppierraz.com\/wp-content\/uploads\/2025\/09\/1_Laurence_verde_note_Charles_Emmanuel_Deppierraz-scaled.jpg 2560w, https:\/\/charlesdeppierraz.com\/wp-content\/uploads\/2025\/09\/1_Laurence_verde_note_Charles_Emmanuel_Deppierraz-300x169.jpg 300w, https:\/\/charlesdeppierraz.com\/wp-content\/uploads\/2025\/09\/1_Laurence_verde_note_Charles_Emmanuel_Deppierraz-1024x576.jpg 1024w, https:\/\/charlesdeppierraz.com\/wp-content\/uploads\/2025\/09\/1_Laurence_verde_note_Charles_Emmanuel_Deppierraz-768x432.jpg 768w, https:\/\/charlesdeppierraz.com\/wp-content\/uploads\/2025\/09\/1_Laurence_verde_note_Charles_Emmanuel_Deppierraz-1536x864.jpg 1536w, https:\/\/charlesdeppierraz.com\/wp-content\/uploads\/2025\/09\/1_Laurence_verde_note_Charles_Emmanuel_Deppierraz-2048x1152.jpg 2048w\" sizes=\"(max-width: 2560px) 100vw, 2560px\" \/>\t\t\t\t\t\t\t\t\t\t\t\t\t\t\t<\/div>\n\t\t\t\t<\/div>\n\t\t\t\t<div class=\"elementor-element elementor-element-6daa17ba elementor-widget elementor-widget-heading\" data-id=\"6daa17ba\" data-element_type=\"widget\" data-e-type=\"widget\" data-widget_type=\"heading.default\">\n\t\t\t\t<div class=\"elementor-widget-container\">\n\t\t\t\t\t<h2 class=\"elementor-heading-title elementor-size-default\">Laurence<\/h2>\t\t\t\t<\/div>\n\t\t\t\t<\/div>\n\t\t\t\t<div class=\"elementor-element elementor-element-580a4e19 elementor-widget elementor-widget-text-editor\" data-id=\"580a4e19\" data-element_type=\"widget\" data-e-type=\"widget\" data-widget_type=\"text-editor.default\">\n\t\t\t\t<div class=\"elementor-widget-container\">\n\t\t\t\t\t\t\t\t\t<p>Beistelltisch aus Marmor Verde Note.<\/p><p>Jedes St\u00fcck ist signiert, nummeriert und wird mit einem Echtheitszertifikat geliefert.<\/p><p>In Italien von den Handwerkern des Hauses Serafini gefertigt.<\/p><p>Erh\u00e4ltlich in zwei Gr\u00f6\u00dfen:<\/p><p>Gro\u00df: H 550 mm \u00d8 600 mm<\/p><p>Klein: H 440 mm \u00d8 480 mm<\/p><p><span style=\"color: var( --e-global-color-text ); text-align: var(--text-align);\">Lieferzeit zwischen 10 und 12 Wochen.<\/span><\/p><p>Individuelle Ausf\u00fchrungen auf Anfrage.<\/p>\t\t\t\t\t\t\t\t<\/div>\n\t\t\t\t<\/div>\n\t\t\t\t\t<\/div>\n\t\t\t\t<\/div>\n\t\t<div class=\"elementor-element elementor-element-24cb64b e-flex e-con-boxed e-con e-parent\" data-id=\"24cb64b\" data-element_type=\"container\" data-e-type=\"container\">\n\t\t\t\t\t<div class=\"e-con-inner\">\n\t\t<div class=\"elementor-element elementor-element-4ac2353a e-con-full e-flex e-con e-child\" data-id=\"4ac2353a\" data-element_type=\"container\" data-e-type=\"container\">\n\t\t\t\t<div class=\"elementor-element elementor-element-4be9e1e3 elementor-align-center elementor-widget elementor-widget-button\" data-id=\"4be9e1e3\" data-element_type=\"widget\" data-e-type=\"widget\" data-widget_type=\"button.default\">\n\t\t\t\t<div class=\"elementor-widget-container\">\n\t\t\t\t\t\t\t\t\t<div class=\"elementor-button-wrapper\">\n\t\t\t\t\t<a class=\"elementor-button elementor-button-link elementor-size-md\" href=\"mailto:acquisitions@charlesdeppierraz.com\">\n\t\t\t\t\t\t<span class=\"elementor-button-content-wrapper\">\n\t\t\t\t\t\t\t\t\t<span class=\"elementor-button-text\">Angebot anfordern<\/span>\n\t\t\t\t\t<\/span>\n\t\t\t\t\t<\/a>\n\t\t\t\t<\/div>\n\t\t\t\t\t\t\t\t<\/div>\n\t\t\t\t<\/div>\n\t\t\t\t<\/div>\n\t\t<div class=\"elementor-element elementor-element-35c557bf e-con-full e-flex e-con e-child\" data-id=\"35c557bf\" data-element_type=\"container\" data-e-type=\"container\">\n\t\t\t\t<div class=\"elementor-element elementor-element-3bf2cdc elementor-align-center elementor-widget elementor-widget-button\" data-id=\"3bf2cdc\" data-element_type=\"widget\" data-e-type=\"widget\" data-widget_type=\"button.default\">\n\t\t\t\t<div class=\"elementor-widget-container\">\n\t\t\t\t\t\t\t\t\t<div class=\"elementor-button-wrapper\">\n\t\t\t\t\t<a class=\"elementor-button elementor-button-link elementor-size-md\" href=\"https:\/\/s3.eu-north-1.amazonaws.com\/charlesdeppierraz.com\/Laurence.pdf\">\n\t\t\t\t\t\t<span class=\"elementor-button-content-wrapper\">\n\t\t\t\t\t\t<span class=\"elementor-button-icon\">\n\t\t\t\t<i aria-hidden=\"true\" class=\"far fa-file-pdf\"><\/i>\t\t\t<\/span>\n\t\t\t\t\t\t\t\t\t<span class=\"elementor-button-text\">Dokumentation herunterladen<\/span>\n\t\t\t\t\t<\/span>\n\t\t\t\t\t<\/a>\n\t\t\t\t<\/div>\n\t\t\t\t\t\t\t\t<\/div>\n\t\t\t\t<\/div>\n\t\t\t\t<\/div>\n\t\t\t\t\t<\/div>\n\t\t\t\t<\/div>\n\t\t<div class=\"elementor-element elementor-element-326c49fe e-flex e-con-boxed e-con e-parent\" data-id=\"326c49fe\" data-element_type=\"container\" data-e-type=\"container\">\n\t\t\t\t\t<div class=\"e-con-inner\">\n\t\t\t\t<div class=\"elementor-element elementor-element-1f45f69 elementor-widget elementor-widget-image\" data-id=\"1f45f69\" data-element_type=\"widget\" data-e-type=\"widget\" data-widget_type=\"image.default\">\n\t\t\t\t<div class=\"elementor-widget-container\">\n\t\t\t\t\t\t\t\t\t\t\t\t\t\t\t<img decoding=\"async\" width=\"2560\" height=\"1440\" src=\"https:\/\/charlesdeppierraz.com\/wp-content\/uploads\/2025\/09\/2_Laurence_verde_note_Charles_Emmanuel_Deppierraz-scaled.jpg\" class=\"attachment-full size-full wp-image-3825\" alt=\"\" srcset=\"https:\/\/charlesdeppierraz.com\/wp-content\/uploads\/2025\/09\/2_Laurence_verde_note_Charles_Emmanuel_Deppierraz-scaled.jpg 2560w, https:\/\/charlesdeppierraz.com\/wp-content\/uploads\/2025\/09\/2_Laurence_verde_note_Charles_Emmanuel_Deppierraz-300x169.jpg 300w, https:\/\/charlesdeppierraz.com\/wp-content\/uploads\/2025\/09\/2_Laurence_verde_note_Charles_Emmanuel_Deppierraz-1024x576.jpg 1024w, https:\/\/charlesdeppierraz.com\/wp-content\/uploads\/2025\/09\/2_Laurence_verde_note_Charles_Emmanuel_Deppierraz-768x432.jpg 768w, https:\/\/charlesdeppierraz.com\/wp-content\/uploads\/2025\/09\/2_Laurence_verde_note_Charles_Emmanuel_Deppierraz-1536x864.jpg 1536w, https:\/\/charlesdeppierraz.com\/wp-content\/uploads\/2025\/09\/2_Laurence_verde_note_Charles_Emmanuel_Deppierraz-2048x1152.jpg 2048w\" sizes=\"(max-width: 2560px) 100vw, 2560px\" \/>\t\t\t\t\t\t\t\t\t\t\t\t\t\t\t<\/div>\n\t\t\t\t<\/div>\n\t\t\t\t<div class=\"elementor-element elementor-element-4bc8f03b elementor-widget elementor-widget-image\" data-id=\"4bc8f03b\" data-element_type=\"widget\" data-e-type=\"widget\" data-widget_type=\"image.default\">\n\t\t\t\t<div class=\"elementor-widget-container\">\n\t\t\t\t\t\t\t\t\t\t\t\t\t\t\t<img decoding=\"async\" width=\"2560\" height=\"1440\" src=\"https:\/\/charlesdeppierraz.com\/wp-content\/uploads\/2025\/09\/3_Laurence_verde_note_Charles_Emmanuel_Deppierraz-scaled.png\" class=\"attachment-full size-full wp-image-3826\" alt=\"\" srcset=\"https:\/\/charlesdeppierraz.com\/wp-content\/uploads\/2025\/09\/3_Laurence_verde_note_Charles_Emmanuel_Deppierraz-scaled.png 2560w, https:\/\/charlesdeppierraz.com\/wp-content\/uploads\/2025\/09\/3_Laurence_verde_note_Charles_Emmanuel_Deppierraz-300x169.png 300w, https:\/\/charlesdeppierraz.com\/wp-content\/uploads\/2025\/09\/3_Laurence_verde_note_Charles_Emmanuel_Deppierraz-1024x576.png 1024w, https:\/\/charlesdeppierraz.com\/wp-content\/uploads\/2025\/09\/3_Laurence_verde_note_Charles_Emmanuel_Deppierraz-768x432.png 768w, https:\/\/charlesdeppierraz.com\/wp-content\/uploads\/2025\/09\/3_Laurence_verde_note_Charles_Emmanuel_Deppierraz-1536x864.png 1536w, https:\/\/charlesdeppierraz.com\/wp-content\/uploads\/2025\/09\/3_Laurence_verde_note_Charles_Emmanuel_Deppierraz-2048x1152.png 2048w\" sizes=\"(max-width: 2560px) 100vw, 2560px\" \/>\t\t\t\t\t\t\t\t\t\t\t\t\t\t\t<\/div>\n\t\t\t\t<\/div>\n\t\t\t\t\t<\/div>\n\t\t\t\t<\/div>\n\t\t\t\t<\/div>\n\t\t","protected":false},"excerpt":{"rendered":"<p>Laurence Beistelltisch aus Marmor Verde Note. Jedes St\u00fcck ist signiert, nummeriert und wird mit einem Echtheitszertifikat geliefert. In Italien von den Handwerkern des Hauses Serafini gefertigt. Erh\u00e4ltlich in zwei Gr\u00f6\u00dfen: Gro\u00df: H 550 mm \u00d8 600 mm Klein: H 440 mm \u00d8 480 mm Lieferzeit zwischen 10 und 12 Wochen. Individuelle Ausf\u00fchrungen auf Anfrage. Angebot [&hellip;]<\/p>\n","protected":false},"author":1,"featured_media":3827,"parent":0,"menu_order":0,"comment_status":"closed","ping_status":"closed","template":"","meta":{"footnotes":""},"categories":[],"tags":[],"class_list":["post-3818","page","type-page","status-publish","has-post-thumbnail","hentry"],"_links":{"self":[{"href":"https:\/\/charlesdeppierraz.com\/de\/wp-json\/wp\/v2\/pages\/3818","targetHints":{"allow":["GET"]}}],"collection":[{"href":"https:\/\/charlesdeppierraz.com\/de\/wp-json\/wp\/v2\/pages"}],"about":[{"href":"https:\/\/charlesdeppierraz.com\/de\/wp-json\/wp\/v2\/types\/page"}],"author":[{"embeddable":true,"href":"https:\/\/charlesdeppierraz.com\/de\/wp-json\/wp\/v2\/users\/1"}],"replies":[{"embeddable":true,"href":"https:\/\/charlesdeppierraz.com\/de\/wp-json\/wp\/v2\/comments?post=3818"}],"version-history":[{"count":1,"href":"https:\/\/charlesdeppierraz.com\/de\/wp-json\/wp\/v2\/pages\/3818\/revisions"}],"predecessor-version":[{"id":3832,"href":"https:\/\/charlesdeppierraz.com\/de\/wp-json\/wp\/v2\/pages\/3818\/revisions\/3832"}],"wp:featuredmedia":[{"embeddable":true,"href":"https:\/\/charlesdeppierraz.com\/de\/wp-json\/wp\/v2\/media\/3827"}],"wp:attachment":[{"href":"https:\/\/charlesdeppierraz.com\/de\/wp-json\/wp\/v2\/media?parent=3818"}],"wp:term":[{"taxonomy":"category","embeddable":true,"href":"https:\/\/charlesdeppierraz.com\/de\/wp-json\/wp\/v2\/categories?post=3818"},{"taxonomy":"post_tag","embeddable":true,"href":"https:\/\/charlesdeppierraz.com\/de\/wp-json\/wp\/v2\/tags?post=3818"}],"curies":[{"name":"wp","href":"https:\/\/api.w.org\/{rel}","templated":true}]}}