{"id":3665,"date":"2023-07-27T16:02:23","date_gmt":"2023-07-27T14:02:23","guid":{"rendered":"https:\/\/charlesdeppierraz.com\/nutzungsbedingungen\/"},"modified":"2025-11-05T09:11:34","modified_gmt":"2025-11-05T08:11:34","slug":"nutzungsbedingungen","status":"publish","type":"page","link":"https:\/\/charlesdeppierraz.com\/de\/nutzungsbedingungen\/","title":{"rendered":"Nutzungsbedingungen"},"content":{"rendered":"\t\t<div data-elementor-type=\"wp-page\" data-elementor-id=\"3665\" class=\"elementor elementor-3665 elementor-438\" data-elementor-post-type=\"page\">\n\t\t\t\t\t\t<section class=\"elementor-section elementor-top-section elementor-element elementor-element-b4730ec elementor-section-boxed elementor-section-height-default elementor-section-height-default\" data-id=\"b4730ec\" data-element_type=\"section\" data-e-type=\"section\">\n\t\t\t\t\t\t<div class=\"elementor-container elementor-column-gap-default\">\n\t\t\t\t\t<div class=\"elementor-column elementor-col-100 elementor-top-column elementor-element elementor-element-2bcb9fd\" data-id=\"2bcb9fd\" data-element_type=\"column\" data-e-type=\"column\">\n\t\t\t<div class=\"elementor-widget-wrap elementor-element-populated\">\n\t\t\t\t\t\t<div class=\"elementor-element elementor-element-08120ec elementor-widget elementor-widget-text-editor\" data-id=\"08120ec\" data-element_type=\"widget\" data-e-type=\"widget\" data-widget_type=\"text-editor.default\">\n\t\t\t\t<div class=\"elementor-widget-container\">\n\t\t\t\t\t\t\t\t\t<p style=\"text-align: justify; background-image: initial; background-position: initial; background-size: initial; background-repeat: initial; background-attachment: initial; background-origin: initial; background-clip: initial;\"><span lang=\"FR\" style=\"font-size: 12pt; line-height: 107%;\">Diese Allgemeinen Gesch\u00e4ftsbedingungen legen die Nutzungsbedingungen des Webdienstes <\/span><span style=\"font-size: 12pt; line-height: 107%;\">www.charlesdeppierraz.com fest.<\/span><\/p>\n<p style=\"text-align: justify; background-image: initial; background-position: initial; background-size: initial; background-repeat: initial; background-attachment: initial; background-origin: initial; background-clip: initial;\"><span lang=\"FR\" style=\"font-size: 12pt; line-height: 107%;\">Der Nutzer best\u00e4tigt, dieses Dokument zur Kenntnis genommen und alle darin enthaltenen Informationen akzeptiert zu haben, unabh\u00e4ngig davon, ob die Nutzung privat oder<br>beruflich erfolgt. Erfolgt die Nutzung beruflich, so garantiert der Nutzer, die erforderlichen Befugnisse zu besitzen, um diese Allgemeinen Gesch\u00e4ftsbedingungen innerhalb seiner Organisation zu akzeptieren. <\/span><\/p>\n<p style=\"text-align: justify; background-image: initial; background-position: initial; background-size: initial; background-repeat: initial; background-attachment: initial; background-origin: initial; background-clip: initial;\"><b style=\"color: var( --e-global-color-text ); font-family: var( --e-global-typography-text-font-family ), Arial; font-size: 1rem;\"><span style=\"font-size: 12pt; line-height: 107%;\">Herausgeber<\/span><\/b><\/p>\n<p style=\"text-align: justify;\"><span style=\"font-size: 12pt; line-height: 107%;\">Charles-Emmanuel Deppierraz<\/span><\/p>\n<p style=\"text-align: justify;\"><span style=\"font-size: 12pt; line-height: 107%;\">Avenue de la Gare 42 \u2013 1003 Lausanne \u2013 Schweiz<\/span><\/p>\n<p style=\"text-align: justify;\"><b><span style=\"font-size: 12pt; line-height: 107%;\">Hosting<\/span><\/b><\/p>\n<p style=\"text-align: justify;\"><span style=\"font-size: 12pt; line-height: 107%;\">Infomaniak \u2013 Genf \u2013 Schweiz<\/span><\/p>\n<p style=\"text-align: justify; background-image: initial; background-position: initial; background-size: initial; background-repeat: initial; background-attachment: initial; background-origin: initial; background-clip: initial;\"><b><span lang=\"FR\" style=\"font-size: 12pt; line-height: 107%;\">Verantwortung bei der Nutzung des Dienstes<\/span><\/b><b><\/b><\/p>\n<p style=\"text-align: justify; background-image: initial; background-position: initial; background-size: initial; background-repeat: initial; background-attachment: initial; background-origin: initial; background-clip: initial;\"><span lang=\"FR\" style=\"font-size: 12pt; line-height: 107%;\">Der Nutzer verpflichtet sich, den Betrieb des auf www.charlesdeppierraz.com angebotenen Dienstes in keiner Weise zu st\u00f6ren.<\/span><\/p>\n<p style=\"text-align: justify; background-image: initial; background-position: initial; background-size: initial; background-repeat: initial; background-attachment: initial; background-origin: initial; background-clip: initial;\"><span style=\"font-size: 12pt; color: var( --e-global-color-text );\">Insbesondere verpflichtet sich der Nutzer, keine rechtswidrigen, verleumderischen oder beleidigenden Nachrichten auf der gesamten Website oder Teilen davon zu ver\u00f6ffentlichen.<\/span><\/p>\n<p style=\"text-align: justify; background-image: initial; background-position: initial; background-size: initial; background-repeat: initial; background-attachment: initial; background-origin: initial; background-clip: initial;\"><span lang=\"FR\" style=\"font-size: 12pt; line-height: 107%;\">Der Nutzer verpflichtet sich ferner, wahrheitsgem\u00e4\u00dfe, genaue und vollst\u00e4ndige personenbezogene Daten anzugeben.<\/span><\/p>\n<p style=\"text-align: justify; background-image: initial; background-position: initial; background-size: initial; background-repeat: initial; background-attachment: initial; background-origin: initial; background-clip: initial;\"><b><span lang=\"FR\" style=\"font-size: 12pt; line-height: 107%;\">Cookies<\/span><\/b><\/p>\n<p style=\"text-align: justify; background-image: initial; background-position: initial; background-size: initial; background-repeat: initial; background-attachment: initial; background-origin: initial; background-clip: initial;\"><span lang=\"FR\" style=\"font-size: 12pt; line-height: 107%;\">Der Nutzer wird dar\u00fcber informiert, dass Cookies auf seinem Browser installiert werden k\u00f6nnen. In jedem Fall kann der Nutzer seine Cookies jederzeit aus seinem Browser l\u00f6schen. <\/span><\/p>\n<p style=\"text-align: justify; background-image: initial; background-position: initial; background-size: initial; background-repeat: initial; background-attachment: initial; background-origin: initial; background-clip: initial;\"><b><span lang=\"FR\" style=\"font-size: 12pt; line-height: 107%;\">Verarbeitung personenbezogener Daten<\/span><\/b><\/p>\n<p style=\"text-align: justify; background-image: initial; background-position: initial; background-size: initial; background-repeat: initial; background-attachment: initial; background-origin: initial; background-clip: initial;\"><span lang=\"FR\" style=\"font-size: 12pt; line-height: 107%;\">Die im Rahmen dieser Website durchgef\u00fchrte Verarbeitung personenbezogener Daten entspricht dem Bundesgesetz \u00fcber den Datenschutz. Alle diese<br>Verarbeitungen werden vom Herausgeber der Website durchgef\u00fchrt. <\/span><\/p>\n<p style=\"text-align: justify; background-image: initial; background-position: initial; background-size: initial; background-repeat: initial; background-attachment: initial; background-origin: initial; background-clip: initial;\"><span lang=\"FR\" style=\"font-size: 12pt; line-height: 107%;\">F\u00fcr jede dieser Verarbeitungen hat der Nutzer ein Recht auf Auskunft, Zugang, \u00c4nderung, Widerspruch und Berichtigung der ihn betreffenden<br>personenbezogenen Daten: Es kann verlangt werden, dass diese Daten berichtigt, erg\u00e4nzt, pr\u00e4zisiert, aktualisiert oder gel\u00f6scht werden.<\/span><\/p>\n<p style=\"text-align: justify; background-image: initial; background-position: initial; background-size: initial; background-repeat: initial; background-attachment: initial; background-origin: initial; background-clip: initial;\"><span lang=\"FR\" style=\"font-size: 12pt; line-height: 107%;\">Diese Rechte k\u00f6nnen durch schriftliche Anfrage und Beif\u00fcgung einer Kopie des Personalausweises des Nutzers an folgende Adresse ausge\u00fcbt werden:<\/span><\/p>\n<p style=\"text-align: justify; background-image: initial; background-position: initial; background-size: initial; background-repeat: initial; background-attachment: initial; background-origin: initial; background-clip: initial;\"><span style=\"font-size: 12pt; line-height: 107%;\">Charles-Emmanuel Deppierraz \u2013 Avenue de la Gare 42 \u2013 1003 Lausanne \u2013 Schweiz<\/span><\/p>\n<p style=\"text-align: justify;\"><b><span style=\"font-size: 12pt; line-height: 107%;\">Urheberrecht<\/span><\/b><\/p>\n<p style=\"text-align: justify;\"><span style=\"font-size: 12pt; line-height: 107%;\">Alle Inhalte jeglicher Art (Stand- oder Bewegtbilder, Datenbanken, Marken, Illustrationen, Logos, Zeichnungen,<br>Modelle, Layouts, herunterladbare Dokumente), die auf dieser Website erscheinen, sind als geistige Werke urheberrechtlich gesch\u00fctzt. Sofern nicht anders<br>angegeben, bleiben diese Inhalte das ausschlie\u00dfliche Eigentum von Charles-Emmanuel Deppierraz. Daher darf kein Teil der Website<br>ohne die ausdr\u00fcckliche schriftliche Genehmigung von Charles-Emmanuel Deppierraz in irgendeiner Form und mit irgendwelchen Mitteln reproduziert, dargestellt, angepasst, teilweise oder vollst\u00e4ndig ge\u00e4ndert werden, andernfalls drohen rechtliche Schritte.  <\/span><\/p>\n<p style=\"text-align: justify;\"><b><span style=\"font-size: 12pt; line-height: 107%;\">Anwendbares Recht<\/span><\/b><\/p>\n<p style=\"text-align: justify;\"><span style=\"font-size: 12pt; line-height: 107%;\">Diese Website unterliegt schweizerischem Recht.<br>Alle Streitigkeiten werden vor schweizerischen Gerichten ausgetragen.<\/span><\/p>\n<p style=\"text-align: justify;\"><span style=\"font-size: 12pt; line-height: 107%;\">Charles-Emmanuel Deppierraz beh\u00e4lt sich jedoch das Recht vor, die zust\u00e4ndigen Gerichte am Wohnsitz des Zuwiderhandelnden anzurufen.<br>Das anwendbare Recht ist dann das schweizerische Recht.<\/span><\/p>\n<p style=\"text-align: justify;\"><b><span style=\"font-size: 12pt; line-height: 107%;\">Haftungsausschluss<\/span><\/b><\/p>\n<p style=\"text-align: justify;\"><span style=\"font-size: 12pt; line-height: 107%;\">Die auf dieser Website enthaltenen Informationen dienen nur zu allgemeinen Informationszwecken. <\/span><\/p>\n<p style=\"text-align: justify;\"><span style=\"font-size: 12pt; line-height: 107%;\">Charles-Emmanuel Deppierraz beh\u00e4lt sich das Recht vor, den Inhalt dieser Website jederzeit zu \u00e4ndern.<\/span><\/p>\n<p style=\"text-align: justify;\"><span style=\"font-size: 12pt; line-height: 107%;\">Charles-Emmanuel Deppierraz \u00fcbernimmt keine Gew\u00e4hr f\u00fcr die Richtigkeit dieser Inhalte. <\/span><\/p>\n<p style=\"text-align: justify;\"><span style=\"font-size: 12pt; line-height: 107%;\">Dar\u00fcber hinaus \u00fcbernimmt Charles-Emmanuel Deppierraz keinerlei Haftung gegen\u00fcber Dritten bez\u00fcglich der auf dieser Website bereitgestellten Informationen oder des Mangels an detaillierten Informationen. <\/span><span style=\"font-size: 12pt; color: var( --e-global-color-text ); font-family: var( --e-global-typography-text-font-family ), Arial; font-weight: var( --e-global-typography-text-font-weight );\">Charles-Emmanuel Deppierraz kann nicht <\/span><span style=\"font-size: 12pt; color: var( --e-global-color-text ); font-family: var( --e-global-typography-text-font-family ), Arial; font-weight: var( --e-global-typography-text-font-weight );\">f\u00fcr Sch\u00e4den haftbar gemacht werden, die durch die Nutzung der Website oder durch <\/span><span style=\"font-size: 12pt; color: var( --e-global-color-text ); font-family: var( --e-global-typography-text-font-family ), Arial; font-weight: var( --e-global-typography-text-font-weight );\">die Unm\u00f6glichkeit des Zugriffs darauf entstehen.<\/span><\/p>\t\t\t\t\t\t\t\t<\/div>\n\t\t\t\t<\/div>\n\t\t\t\t\t<\/div>\n\t\t<\/div>\n\t\t\t\t\t<\/div>\n\t\t<\/section>\n\t\t\t\t<\/div>\n\t\t","protected":false},"excerpt":{"rendered":"<p>Diese Allgemeinen Gesch\u00e4ftsbedingungen legen die Nutzungsbedingungen des Webdienstes www.charlesdeppierraz.com fest. Der Nutzer best\u00e4tigt, dieses Dokument zur Kenntnis genommen und alle darin enthaltenen Informationen akzeptiert zu haben, unabh\u00e4ngig davon, ob die Nutzung privat oderberuflich erfolgt. Erfolgt die Nutzung beruflich, so garantiert der Nutzer, die erforderlichen Befugnisse zu besitzen, um diese Allgemeinen Gesch\u00e4ftsbedingungen innerhalb seiner Organisation zu [&hellip;]<\/p>\n","protected":false},"author":1,"featured_media":0,"parent":0,"menu_order":0,"comment_status":"closed","ping_status":"closed","template":"","meta":{"footnotes":""},"categories":[],"tags":[],"class_list":["post-3665","page","type-page","status-publish","hentry"],"_links":{"self":[{"href":"https:\/\/charlesdeppierraz.com\/de\/wp-json\/wp\/v2\/pages\/3665","targetHints":{"allow":["GET"]}}],"collection":[{"href":"https:\/\/charlesdeppierraz.com\/de\/wp-json\/wp\/v2\/pages"}],"about":[{"href":"https:\/\/charlesdeppierraz.com\/de\/wp-json\/wp\/v2\/types\/page"}],"author":[{"embeddable":true,"href":"https:\/\/charlesdeppierraz.com\/de\/wp-json\/wp\/v2\/users\/1"}],"replies":[{"embeddable":true,"href":"https:\/\/charlesdeppierraz.com\/de\/wp-json\/wp\/v2\/comments?post=3665"}],"version-history":[{"count":1,"href":"https:\/\/charlesdeppierraz.com\/de\/wp-json\/wp\/v2\/pages\/3665\/revisions"}],"predecessor-version":[{"id":3666,"href":"https:\/\/charlesdeppierraz.com\/de\/wp-json\/wp\/v2\/pages\/3665\/revisions\/3666"}],"wp:attachment":[{"href":"https:\/\/charlesdeppierraz.com\/de\/wp-json\/wp\/v2\/media?parent=3665"}],"wp:term":[{"taxonomy":"category","embeddable":true,"href":"https:\/\/charlesdeppierraz.com\/de\/wp-json\/wp\/v2\/categories?post=3665"},{"taxonomy":"post_tag","embeddable":true,"href":"https:\/\/charlesdeppierraz.com\/de\/wp-json\/wp\/v2\/tags?post=3665"}],"curies":[{"name":"wp","href":"https:\/\/api.w.org\/{rel}","templated":true}]}}