{"id":3625,"date":"2023-07-31T10:45:04","date_gmt":"2023-07-31T08:45:04","guid":{"rendered":"https:\/\/charlesdeppierraz.com\/baobab-couchtisch\/"},"modified":"2025-11-05T09:11:08","modified_gmt":"2025-11-05T08:11:08","slug":"baobab-couchtisch","status":"publish","type":"page","link":"https:\/\/charlesdeppierraz.com\/de\/baobab-couchtisch\/","title":{"rendered":"Baobab Couchtisch"},"content":{"rendered":"\t\t<div data-elementor-type=\"wp-page\" data-elementor-id=\"3625\" class=\"elementor elementor-3625 elementor-649\" data-elementor-post-type=\"page\">\n\t\t\t\t<div class=\"elementor-element elementor-element-212e4461 e-flex e-con-boxed e-con e-parent\" data-id=\"212e4461\" data-element_type=\"container\" data-e-type=\"container\">\n\t\t\t\t\t<div class=\"e-con-inner\">\n\t\t\t\t<div class=\"elementor-element elementor-element-2bdeeb8e elementor-widget elementor-widget-image\" data-id=\"2bdeeb8e\" data-element_type=\"widget\" data-e-type=\"widget\" data-widget_type=\"image.default\">\n\t\t\t\t<div class=\"elementor-widget-container\">\n\t\t\t\t\t\t\t\t\t\t\t\t\t\t\t<img fetchpriority=\"high\" decoding=\"async\" width=\"3200\" height=\"1800\" src=\"https:\/\/charlesdeppierraz.com\/wp-content\/uploads\/2023\/10\/Baobab-coffee-table-blue-1.png\" class=\"attachment-full size-full wp-image-3626\" alt=\"\" srcset=\"https:\/\/charlesdeppierraz.com\/wp-content\/uploads\/2023\/10\/Baobab-coffee-table-blue-1.png 3200w, https:\/\/charlesdeppierraz.com\/wp-content\/uploads\/2023\/10\/Baobab-coffee-table-blue-1-300x169.png 300w, https:\/\/charlesdeppierraz.com\/wp-content\/uploads\/2023\/10\/Baobab-coffee-table-blue-1-1024x576.png 1024w, https:\/\/charlesdeppierraz.com\/wp-content\/uploads\/2023\/10\/Baobab-coffee-table-blue-1-768x432.png 768w, https:\/\/charlesdeppierraz.com\/wp-content\/uploads\/2023\/10\/Baobab-coffee-table-blue-1-1536x864.png 1536w, https:\/\/charlesdeppierraz.com\/wp-content\/uploads\/2023\/10\/Baobab-coffee-table-blue-1-2048x1152.png 2048w\" sizes=\"(max-width: 3200px) 100vw, 3200px\" \/>\t\t\t\t\t\t\t\t\t\t\t\t\t\t\t<\/div>\n\t\t\t\t<\/div>\n\t\t\t\t<div class=\"elementor-element elementor-element-21245f28 elementor-widget elementor-widget-heading\" data-id=\"21245f28\" data-element_type=\"widget\" data-e-type=\"widget\" data-widget_type=\"heading.default\">\n\t\t\t\t<div class=\"elementor-widget-container\">\n\t\t\t\t\t<h2 class=\"elementor-heading-title elementor-size-default\">Baobab Couchtisch<\/h2>\t\t\t\t<\/div>\n\t\t\t\t<\/div>\n\t\t\t\t<div class=\"elementor-element elementor-element-21ee452 elementor-widget elementor-widget-text-editor\" data-id=\"21ee452\" data-element_type=\"widget\" data-e-type=\"widget\" data-widget_type=\"text-editor.default\">\n\t\t\t\t<div class=\"elementor-widget-container\">\n\t\t\t\t\t\t\t\t\t<p>Couchtisch mit Metallisierung auf Holz.<\/p><p>Blau patinierte, halb-rohe Bronze.<\/p><p>Jedes St\u00fcck ist signiert, nummeriert und wird mit einem Echtheitszertifikat geliefert.<\/p><p>Hergestellt in Frankreich vom Studio Saint Pierre.<\/p><p>Ma\u00dfe: H 325 mm \u00d8 1200 mm<\/p><p>Lieferzeit zwischen 8 und 12 Wochen.<\/p><p>Individuelle Ausf\u00fchrungen auf Anfrage.<\/p>\t\t\t\t\t\t\t\t<\/div>\n\t\t\t\t<\/div>\n\t\t\t\t\t<\/div>\n\t\t\t\t<\/div>\n\t\t<div class=\"elementor-element elementor-element-72c4b612 e-flex e-con-boxed e-con e-parent\" data-id=\"72c4b612\" data-element_type=\"container\" data-e-type=\"container\">\n\t\t\t\t\t<div class=\"e-con-inner\">\n\t\t<div class=\"elementor-element elementor-element-5263cc21 e-con-full e-flex e-con e-child\" data-id=\"5263cc21\" data-element_type=\"container\" data-e-type=\"container\">\n\t\t\t\t<div class=\"elementor-element elementor-element-74835a2a elementor-align-center elementor-widget elementor-widget-button\" data-id=\"74835a2a\" data-element_type=\"widget\" data-e-type=\"widget\" data-widget_type=\"button.default\">\n\t\t\t\t<div class=\"elementor-widget-container\">\n\t\t\t\t\t\t\t\t\t<div class=\"elementor-button-wrapper\">\n\t\t\t\t\t<a class=\"elementor-button elementor-button-link elementor-size-md\" href=\"mailto:acquisitions@charlesdeppierraz.com\">\n\t\t\t\t\t\t<span class=\"elementor-button-content-wrapper\">\n\t\t\t\t\t\t\t\t\t<span class=\"elementor-button-text\">Angebot anfordern<\/span>\n\t\t\t\t\t<\/span>\n\t\t\t\t\t<\/a>\n\t\t\t\t<\/div>\n\t\t\t\t\t\t\t\t<\/div>\n\t\t\t\t<\/div>\n\t\t\t\t<\/div>\n\t\t<div class=\"elementor-element elementor-element-11ba524 e-con-full e-flex e-con e-child\" data-id=\"11ba524\" data-element_type=\"container\" data-e-type=\"container\">\n\t\t\t\t<div class=\"elementor-element elementor-element-473001b7 elementor-align-center elementor-widget elementor-widget-button\" data-id=\"473001b7\" data-element_type=\"widget\" data-e-type=\"widget\" data-widget_type=\"button.default\">\n\t\t\t\t<div class=\"elementor-widget-container\">\n\t\t\t\t\t\t\t\t\t<div class=\"elementor-button-wrapper\">\n\t\t\t\t\t<a class=\"elementor-button elementor-button-link elementor-size-md\" href=\"https:\/\/s3.eu-north-1.amazonaws.com\/charlesdeppierraz.com\/Baobab+coffee+table+blue.pdf\" target=\"_blank\">\n\t\t\t\t\t\t<span class=\"elementor-button-content-wrapper\">\n\t\t\t\t\t\t<span class=\"elementor-button-icon\">\n\t\t\t\t<i aria-hidden=\"true\" class=\"far fa-file-pdf\"><\/i>\t\t\t<\/span>\n\t\t\t\t\t\t\t\t\t<span class=\"elementor-button-text\">Dokumentation herunterladen<\/span>\n\t\t\t\t\t<\/span>\n\t\t\t\t\t<\/a>\n\t\t\t\t<\/div>\n\t\t\t\t\t\t\t\t<\/div>\n\t\t\t\t<\/div>\n\t\t\t\t<\/div>\n\t\t\t\t\t<\/div>\n\t\t\t\t<\/div>\n\t\t<div class=\"elementor-element elementor-element-2d7a28ea e-flex e-con-boxed e-con e-parent\" data-id=\"2d7a28ea\" data-element_type=\"container\" data-e-type=\"container\">\n\t\t\t\t\t<div class=\"e-con-inner\">\n\t\t\t\t<div class=\"elementor-element elementor-element-41abaaab elementor-widget elementor-widget-image\" data-id=\"41abaaab\" data-element_type=\"widget\" data-e-type=\"widget\" data-widget_type=\"image.default\">\n\t\t\t\t<div class=\"elementor-widget-container\">\n\t\t\t\t\t\t\t\t\t\t\t\t\t\t\t<img decoding=\"async\" width=\"3200\" height=\"1800\" src=\"https:\/\/charlesdeppierraz.com\/wp-content\/uploads\/2023\/10\/Baobab-coffee-table-blue-2.png\" class=\"attachment-full size-full wp-image-3627\" alt=\"Baobab Couchtisch blau 2\" srcset=\"https:\/\/charlesdeppierraz.com\/wp-content\/uploads\/2023\/10\/Baobab-coffee-table-blue-2.png 3200w, https:\/\/charlesdeppierraz.com\/wp-content\/uploads\/2023\/10\/Baobab-coffee-table-blue-2-300x169.png 300w, https:\/\/charlesdeppierraz.com\/wp-content\/uploads\/2023\/10\/Baobab-coffee-table-blue-2-1024x576.png 1024w, https:\/\/charlesdeppierraz.com\/wp-content\/uploads\/2023\/10\/Baobab-coffee-table-blue-2-768x432.png 768w, https:\/\/charlesdeppierraz.com\/wp-content\/uploads\/2023\/10\/Baobab-coffee-table-blue-2-1536x864.png 1536w, https:\/\/charlesdeppierraz.com\/wp-content\/uploads\/2023\/10\/Baobab-coffee-table-blue-2-2048x1152.png 2048w\" sizes=\"(max-width: 3200px) 100vw, 3200px\" \/>\t\t\t\t\t\t\t\t\t\t\t\t\t\t\t<\/div>\n\t\t\t\t<\/div>\n\t\t\t\t<div class=\"elementor-element elementor-element-17ba6d02 elementor-widget elementor-widget-image\" data-id=\"17ba6d02\" data-element_type=\"widget\" data-e-type=\"widget\" data-widget_type=\"image.default\">\n\t\t\t\t<div class=\"elementor-widget-container\">\n\t\t\t\t\t\t\t\t\t\t\t\t\t\t\t<img decoding=\"async\" width=\"3200\" height=\"1800\" src=\"https:\/\/charlesdeppierraz.com\/wp-content\/uploads\/2023\/10\/Baobab-coffee-table-blue-3.png\" class=\"attachment-full size-full wp-image-3628\" alt=\"\" srcset=\"https:\/\/charlesdeppierraz.com\/wp-content\/uploads\/2023\/10\/Baobab-coffee-table-blue-3.png 3200w, https:\/\/charlesdeppierraz.com\/wp-content\/uploads\/2023\/10\/Baobab-coffee-table-blue-3-300x169.png 300w, https:\/\/charlesdeppierraz.com\/wp-content\/uploads\/2023\/10\/Baobab-coffee-table-blue-3-1024x576.png 1024w, https:\/\/charlesdeppierraz.com\/wp-content\/uploads\/2023\/10\/Baobab-coffee-table-blue-3-768x432.png 768w, https:\/\/charlesdeppierraz.com\/wp-content\/uploads\/2023\/10\/Baobab-coffee-table-blue-3-1536x864.png 1536w, https:\/\/charlesdeppierraz.com\/wp-content\/uploads\/2023\/10\/Baobab-coffee-table-blue-3-2048x1152.png 2048w\" sizes=\"(max-width: 3200px) 100vw, 3200px\" \/>\t\t\t\t\t\t\t\t\t\t\t\t\t\t\t<\/div>\n\t\t\t\t<\/div>\n\t\t\t\t<div class=\"elementor-element elementor-element-1727ea3e elementor-widget elementor-widget-image\" data-id=\"1727ea3e\" data-element_type=\"widget\" data-e-type=\"widget\" data-widget_type=\"image.default\">\n\t\t\t\t<div class=\"elementor-widget-container\">\n\t\t\t\t\t\t\t\t\t\t\t\t\t\t\t<img loading=\"lazy\" decoding=\"async\" width=\"3200\" height=\"1800\" src=\"https:\/\/charlesdeppierraz.com\/wp-content\/uploads\/2023\/10\/Baobab-coffee-table-blue-4.png\" class=\"attachment-full size-full wp-image-3629\" alt=\"\" srcset=\"https:\/\/charlesdeppierraz.com\/wp-content\/uploads\/2023\/10\/Baobab-coffee-table-blue-4.png 3200w, https:\/\/charlesdeppierraz.com\/wp-content\/uploads\/2023\/10\/Baobab-coffee-table-blue-4-300x169.png 300w, https:\/\/charlesdeppierraz.com\/wp-content\/uploads\/2023\/10\/Baobab-coffee-table-blue-4-1024x576.png 1024w, https:\/\/charlesdeppierraz.com\/wp-content\/uploads\/2023\/10\/Baobab-coffee-table-blue-4-768x432.png 768w, https:\/\/charlesdeppierraz.com\/wp-content\/uploads\/2023\/10\/Baobab-coffee-table-blue-4-1536x864.png 1536w, https:\/\/charlesdeppierraz.com\/wp-content\/uploads\/2023\/10\/Baobab-coffee-table-blue-4-2048x1152.png 2048w\" sizes=\"(max-width: 3200px) 100vw, 3200px\" \/>\t\t\t\t\t\t\t\t\t\t\t\t\t\t\t<\/div>\n\t\t\t\t<\/div>\n\t\t\t\t<div class=\"elementor-element elementor-element-3685f21a elementor-widget elementor-widget-image\" data-id=\"3685f21a\" data-element_type=\"widget\" data-e-type=\"widget\" data-widget_type=\"image.default\">\n\t\t\t\t<div class=\"elementor-widget-container\">\n\t\t\t\t\t\t\t\t\t\t\t\t\t\t\t<img loading=\"lazy\" decoding=\"async\" width=\"3200\" height=\"1800\" src=\"https:\/\/charlesdeppierraz.com\/wp-content\/uploads\/2023\/10\/Baobab-coffee-table-blue-5.png\" class=\"attachment-full size-full wp-image-3630\" alt=\"\" srcset=\"https:\/\/charlesdeppierraz.com\/wp-content\/uploads\/2023\/10\/Baobab-coffee-table-blue-5.png 3200w, https:\/\/charlesdeppierraz.com\/wp-content\/uploads\/2023\/10\/Baobab-coffee-table-blue-5-300x169.png 300w, https:\/\/charlesdeppierraz.com\/wp-content\/uploads\/2023\/10\/Baobab-coffee-table-blue-5-1024x576.png 1024w, https:\/\/charlesdeppierraz.com\/wp-content\/uploads\/2023\/10\/Baobab-coffee-table-blue-5-768x432.png 768w, https:\/\/charlesdeppierraz.com\/wp-content\/uploads\/2023\/10\/Baobab-coffee-table-blue-5-1536x864.png 1536w, https:\/\/charlesdeppierraz.com\/wp-content\/uploads\/2023\/10\/Baobab-coffee-table-blue-5-2048x1152.png 2048w\" sizes=\"(max-width: 3200px) 100vw, 3200px\" \/>\t\t\t\t\t\t\t\t\t\t\t\t\t\t\t<\/div>\n\t\t\t\t<\/div>\n\t\t\t\t\t<\/div>\n\t\t\t\t<\/div>\n\t\t\t\t<\/div>\n\t\t","protected":false},"excerpt":{"rendered":"<p>Baobab Couchtisch Couchtisch mit Metallisierung auf Holz. Blau patinierte, halb-rohe Bronze. Jedes St\u00fcck ist signiert, nummeriert und wird mit einem Echtheitszertifikat geliefert. Hergestellt in Frankreich vom Studio Saint Pierre. Ma\u00dfe: H 325 mm \u00d8 1200 mm Lieferzeit zwischen 8 und 12 Wochen. Individuelle Ausf\u00fchrungen auf Anfrage. Angebot anfordern Dokumentation herunterladen<\/p>\n","protected":false},"author":1,"featured_media":3631,"parent":0,"menu_order":0,"comment_status":"closed","ping_status":"closed","template":"","meta":{"footnotes":""},"categories":[],"tags":[],"class_list":["post-3625","page","type-page","status-publish","has-post-thumbnail","hentry"],"_links":{"self":[{"href":"https:\/\/charlesdeppierraz.com\/de\/wp-json\/wp\/v2\/pages\/3625","targetHints":{"allow":["GET"]}}],"collection":[{"href":"https:\/\/charlesdeppierraz.com\/de\/wp-json\/wp\/v2\/pages"}],"about":[{"href":"https:\/\/charlesdeppierraz.com\/de\/wp-json\/wp\/v2\/types\/page"}],"author":[{"embeddable":true,"href":"https:\/\/charlesdeppierraz.com\/de\/wp-json\/wp\/v2\/users\/1"}],"replies":[{"embeddable":true,"href":"https:\/\/charlesdeppierraz.com\/de\/wp-json\/wp\/v2\/comments?post=3625"}],"version-history":[{"count":1,"href":"https:\/\/charlesdeppierraz.com\/de\/wp-json\/wp\/v2\/pages\/3625\/revisions"}],"predecessor-version":[{"id":3632,"href":"https:\/\/charlesdeppierraz.com\/de\/wp-json\/wp\/v2\/pages\/3625\/revisions\/3632"}],"wp:featuredmedia":[{"embeddable":true,"href":"https:\/\/charlesdeppierraz.com\/de\/wp-json\/wp\/v2\/media\/3631"}],"wp:attachment":[{"href":"https:\/\/charlesdeppierraz.com\/de\/wp-json\/wp\/v2\/media?parent=3625"}],"wp:term":[{"taxonomy":"category","embeddable":true,"href":"https:\/\/charlesdeppierraz.com\/de\/wp-json\/wp\/v2\/categories?post=3625"},{"taxonomy":"post_tag","embeddable":true,"href":"https:\/\/charlesdeppierraz.com\/de\/wp-json\/wp\/v2\/tags?post=3625"}],"curies":[{"name":"wp","href":"https:\/\/api.w.org\/{rel}","templated":true}]}}