{"id":3606,"date":"2023-07-31T10:44:43","date_gmt":"2023-07-31T08:44:43","guid":{"rendered":"https:\/\/charlesdeppierraz.com\/volt\/"},"modified":"2025-11-05T09:11:07","modified_gmt":"2025-11-05T08:11:07","slug":"volt","status":"publish","type":"page","link":"https:\/\/charlesdeppierraz.com\/de\/volt\/","title":{"rendered":"Volt"},"content":{"rendered":"\t\t<div data-elementor-type=\"wp-page\" data-elementor-id=\"3606\" class=\"elementor elementor-3606 elementor-647\" data-elementor-post-type=\"page\">\n\t\t\t\t<div class=\"elementor-element elementor-element-5a2a6fad e-flex e-con-boxed e-con e-parent\" data-id=\"5a2a6fad\" data-element_type=\"container\" data-e-type=\"container\">\n\t\t\t\t\t<div class=\"e-con-inner\">\n\t\t\t\t<div class=\"elementor-element elementor-element-707b1fec elementor-widget elementor-widget-image\" data-id=\"707b1fec\" data-element_type=\"widget\" data-e-type=\"widget\" data-widget_type=\"image.default\">\n\t\t\t\t<div class=\"elementor-widget-container\">\n\t\t\t\t\t\t\t\t\t\t\t\t\t\t\t<img fetchpriority=\"high\" decoding=\"async\" width=\"3200\" height=\"1800\" src=\"https:\/\/charlesdeppierraz.com\/wp-content\/uploads\/2023\/10\/Volt-Rosso-Levanto-5.png\" class=\"attachment-full size-full wp-image-3610\" alt=\"\" srcset=\"https:\/\/charlesdeppierraz.com\/wp-content\/uploads\/2023\/10\/Volt-Rosso-Levanto-5.png 3200w, https:\/\/charlesdeppierraz.com\/wp-content\/uploads\/2023\/10\/Volt-Rosso-Levanto-5-300x169.png 300w, https:\/\/charlesdeppierraz.com\/wp-content\/uploads\/2023\/10\/Volt-Rosso-Levanto-5-1024x576.png 1024w, https:\/\/charlesdeppierraz.com\/wp-content\/uploads\/2023\/10\/Volt-Rosso-Levanto-5-768x432.png 768w, https:\/\/charlesdeppierraz.com\/wp-content\/uploads\/2023\/10\/Volt-Rosso-Levanto-5-1536x864.png 1536w, https:\/\/charlesdeppierraz.com\/wp-content\/uploads\/2023\/10\/Volt-Rosso-Levanto-5-2048x1152.png 2048w\" sizes=\"(max-width: 3200px) 100vw, 3200px\" \/>\t\t\t\t\t\t\t\t\t\t\t\t\t\t\t<\/div>\n\t\t\t\t<\/div>\n\t\t\t\t<div class=\"elementor-element elementor-element-657433c1 elementor-widget elementor-widget-heading\" data-id=\"657433c1\" data-element_type=\"widget\" data-e-type=\"widget\" data-widget_type=\"heading.default\">\n\t\t\t\t<div class=\"elementor-widget-container\">\n\t\t\t\t\t<h2 class=\"elementor-heading-title elementor-size-default\">Volt<\/h2>\t\t\t\t<\/div>\n\t\t\t\t<\/div>\n\t\t\t\t<div class=\"elementor-element elementor-element-30f03f7 elementor-widget elementor-widget-text-editor\" data-id=\"30f03f7\" data-element_type=\"widget\" data-e-type=\"widget\" data-widget_type=\"text-editor.default\">\n\t\t\t\t<div class=\"elementor-widget-container\">\n\t\t\t\t\t\t\t\t\t<p>Couchtisch aus Rosso Levanto Marmor.<\/p>\n<p>Jedes St\u00fcck ist signiert, nummeriert und wird mit einem Echtheitszertifikat geliefert.<\/p>\n<p>Ma\u00dfe: H 323 mm \u00d8 1400 mm<\/p>\n<p>Individuelle Ausf\u00fchrungen auf Anfrage.<\/p>\n<p>Hergestellt in Frankreich von den Ateliers Saint-Jacques.<\/p>\n<p>Lieferzeit zwischen 14 und 16 Wochen.<\/p>\t\t\t\t\t\t\t\t<\/div>\n\t\t\t\t<\/div>\n\t\t\t\t\t<\/div>\n\t\t\t\t<\/div>\n\t\t<div class=\"elementor-element elementor-element-8d7abd3 e-flex e-con-boxed e-con e-parent\" data-id=\"8d7abd3\" data-element_type=\"container\" data-e-type=\"container\">\n\t\t\t\t\t<div class=\"e-con-inner\">\n\t\t<div class=\"elementor-element elementor-element-4435711e e-con-full e-flex e-con e-child\" data-id=\"4435711e\" data-element_type=\"container\" data-e-type=\"container\">\n\t\t\t\t<div class=\"elementor-element elementor-element-6514d759 elementor-align-center elementor-widget elementor-widget-button\" data-id=\"6514d759\" data-element_type=\"widget\" data-e-type=\"widget\" data-widget_type=\"button.default\">\n\t\t\t\t<div class=\"elementor-widget-container\">\n\t\t\t\t\t\t\t\t\t<div class=\"elementor-button-wrapper\">\n\t\t\t\t\t<a class=\"elementor-button elementor-button-link elementor-size-md\" href=\"mailto:acquisitions@charlesdeppierraz.com\">\n\t\t\t\t\t\t<span class=\"elementor-button-content-wrapper\">\n\t\t\t\t\t\t\t\t\t<span class=\"elementor-button-text\">Angebot anfordern<\/span>\n\t\t\t\t\t<\/span>\n\t\t\t\t\t<\/a>\n\t\t\t\t<\/div>\n\t\t\t\t\t\t\t\t<\/div>\n\t\t\t\t<\/div>\n\t\t\t\t<\/div>\n\t\t<div class=\"elementor-element elementor-element-f88a272 e-con-full e-flex e-con e-child\" data-id=\"f88a272\" data-element_type=\"container\" data-e-type=\"container\">\n\t\t\t\t<div class=\"elementor-element elementor-element-119852a3 elementor-align-center elementor-widget elementor-widget-button\" data-id=\"119852a3\" data-element_type=\"widget\" data-e-type=\"widget\" data-widget_type=\"button.default\">\n\t\t\t\t<div class=\"elementor-widget-container\">\n\t\t\t\t\t\t\t\t\t<div class=\"elementor-button-wrapper\">\n\t\t\t\t\t<a class=\"elementor-button elementor-button-link elementor-size-md\" href=\"https:\/\/s3.eu-north-1.amazonaws.com\/charlesdeppierraz.com\/Volt.pdf\" target=\"_blank\">\n\t\t\t\t\t\t<span class=\"elementor-button-content-wrapper\">\n\t\t\t\t\t\t<span class=\"elementor-button-icon\">\n\t\t\t\t<i aria-hidden=\"true\" class=\"far fa-file-pdf\"><\/i>\t\t\t<\/span>\n\t\t\t\t\t\t\t\t\t<span class=\"elementor-button-text\">Dokumentation herunterladen<\/span>\n\t\t\t\t\t<\/span>\n\t\t\t\t\t<\/a>\n\t\t\t\t<\/div>\n\t\t\t\t\t\t\t\t<\/div>\n\t\t\t\t<\/div>\n\t\t\t\t<\/div>\n\t\t\t\t\t<\/div>\n\t\t\t\t<\/div>\n\t\t<div class=\"elementor-element elementor-element-5538a64a e-flex e-con-boxed e-con e-parent\" data-id=\"5538a64a\" data-element_type=\"container\" data-e-type=\"container\">\n\t\t\t\t\t<div class=\"e-con-inner\">\n\t\t\t\t<div class=\"elementor-element elementor-element-23a4b3b6 elementor-widget elementor-widget-image\" data-id=\"23a4b3b6\" data-element_type=\"widget\" data-e-type=\"widget\" data-widget_type=\"image.default\">\n\t\t\t\t<div class=\"elementor-widget-container\">\n\t\t\t\t\t\t\t\t\t\t\t\t\t\t\t<img decoding=\"async\" width=\"3200\" height=\"1800\" src=\"https:\/\/charlesdeppierraz.com\/wp-content\/uploads\/2023\/10\/Volt-Rosso-Levanto-4.png\" class=\"attachment-full size-full wp-image-3609\" alt=\"\" srcset=\"https:\/\/charlesdeppierraz.com\/wp-content\/uploads\/2023\/10\/Volt-Rosso-Levanto-4.png 3200w, https:\/\/charlesdeppierraz.com\/wp-content\/uploads\/2023\/10\/Volt-Rosso-Levanto-4-300x169.png 300w, https:\/\/charlesdeppierraz.com\/wp-content\/uploads\/2023\/10\/Volt-Rosso-Levanto-4-1024x576.png 1024w, https:\/\/charlesdeppierraz.com\/wp-content\/uploads\/2023\/10\/Volt-Rosso-Levanto-4-768x432.png 768w, https:\/\/charlesdeppierraz.com\/wp-content\/uploads\/2023\/10\/Volt-Rosso-Levanto-4-1536x864.png 1536w, https:\/\/charlesdeppierraz.com\/wp-content\/uploads\/2023\/10\/Volt-Rosso-Levanto-4-2048x1152.png 2048w\" sizes=\"(max-width: 3200px) 100vw, 3200px\" \/>\t\t\t\t\t\t\t\t\t\t\t\t\t\t\t<\/div>\n\t\t\t\t<\/div>\n\t\t\t\t<div class=\"elementor-element elementor-element-6cde47b9 elementor-widget elementor-widget-image\" data-id=\"6cde47b9\" data-element_type=\"widget\" data-e-type=\"widget\" data-widget_type=\"image.default\">\n\t\t\t\t<div class=\"elementor-widget-container\">\n\t\t\t\t\t\t\t\t\t\t\t\t\t\t\t<img decoding=\"async\" width=\"3200\" height=\"1800\" src=\"https:\/\/charlesdeppierraz.com\/wp-content\/uploads\/2023\/10\/Volt-Rosso-Levanto-6.png\" class=\"attachment-full size-full wp-image-3611\" alt=\"\" srcset=\"https:\/\/charlesdeppierraz.com\/wp-content\/uploads\/2023\/10\/Volt-Rosso-Levanto-6.png 3200w, https:\/\/charlesdeppierraz.com\/wp-content\/uploads\/2023\/10\/Volt-Rosso-Levanto-6-300x169.png 300w, https:\/\/charlesdeppierraz.com\/wp-content\/uploads\/2023\/10\/Volt-Rosso-Levanto-6-1024x576.png 1024w, https:\/\/charlesdeppierraz.com\/wp-content\/uploads\/2023\/10\/Volt-Rosso-Levanto-6-768x432.png 768w, https:\/\/charlesdeppierraz.com\/wp-content\/uploads\/2023\/10\/Volt-Rosso-Levanto-6-1536x864.png 1536w, https:\/\/charlesdeppierraz.com\/wp-content\/uploads\/2023\/10\/Volt-Rosso-Levanto-6-2048x1152.png 2048w\" sizes=\"(max-width: 3200px) 100vw, 3200px\" \/>\t\t\t\t\t\t\t\t\t\t\t\t\t\t\t<\/div>\n\t\t\t\t<\/div>\n\t\t\t\t<div class=\"elementor-element elementor-element-ce9e2b1 elementor-widget elementor-widget-image\" data-id=\"ce9e2b1\" data-element_type=\"widget\" data-e-type=\"widget\" data-widget_type=\"image.default\">\n\t\t\t\t<div class=\"elementor-widget-container\">\n\t\t\t\t\t\t\t\t\t\t\t\t\t\t\t<img loading=\"lazy\" decoding=\"async\" width=\"3200\" height=\"1800\" src=\"https:\/\/charlesdeppierraz.com\/wp-content\/uploads\/2023\/10\/Volt-Rosso-Levanto-1.png\" class=\"attachment-full size-full wp-image-3613\" alt=\"Volt Rosso Levanto 1\" srcset=\"https:\/\/charlesdeppierraz.com\/wp-content\/uploads\/2023\/10\/Volt-Rosso-Levanto-1.png 3200w, https:\/\/charlesdeppierraz.com\/wp-content\/uploads\/2023\/10\/Volt-Rosso-Levanto-1-300x169.png 300w, https:\/\/charlesdeppierraz.com\/wp-content\/uploads\/2023\/10\/Volt-Rosso-Levanto-1-1024x576.png 1024w, https:\/\/charlesdeppierraz.com\/wp-content\/uploads\/2023\/10\/Volt-Rosso-Levanto-1-768x432.png 768w, https:\/\/charlesdeppierraz.com\/wp-content\/uploads\/2023\/10\/Volt-Rosso-Levanto-1-1536x864.png 1536w, https:\/\/charlesdeppierraz.com\/wp-content\/uploads\/2023\/10\/Volt-Rosso-Levanto-1-2048x1152.png 2048w\" sizes=\"(max-width: 3200px) 100vw, 3200px\" \/>\t\t\t\t\t\t\t\t\t\t\t\t\t\t\t<\/div>\n\t\t\t\t<\/div>\n\t\t\t\t<div class=\"elementor-element elementor-element-7d6d4e7b elementor-widget elementor-widget-image\" data-id=\"7d6d4e7b\" data-element_type=\"widget\" data-e-type=\"widget\" data-widget_type=\"image.default\">\n\t\t\t\t<div class=\"elementor-widget-container\">\n\t\t\t\t\t\t\t\t\t\t\t\t\t\t\t<img decoding=\"async\" width=\"3200\" height=\"1800\" src=\"https:\/\/charlesdeppierraz.com\/wp-content\/uploads\/2023\/10\/Volt-Rosso-Levanto-4.png\" class=\"attachment-full size-full wp-image-3609\" alt=\"\" srcset=\"https:\/\/charlesdeppierraz.com\/wp-content\/uploads\/2023\/10\/Volt-Rosso-Levanto-4.png 3200w, https:\/\/charlesdeppierraz.com\/wp-content\/uploads\/2023\/10\/Volt-Rosso-Levanto-4-300x169.png 300w, https:\/\/charlesdeppierraz.com\/wp-content\/uploads\/2023\/10\/Volt-Rosso-Levanto-4-1024x576.png 1024w, https:\/\/charlesdeppierraz.com\/wp-content\/uploads\/2023\/10\/Volt-Rosso-Levanto-4-768x432.png 768w, https:\/\/charlesdeppierraz.com\/wp-content\/uploads\/2023\/10\/Volt-Rosso-Levanto-4-1536x864.png 1536w, https:\/\/charlesdeppierraz.com\/wp-content\/uploads\/2023\/10\/Volt-Rosso-Levanto-4-2048x1152.png 2048w\" sizes=\"(max-width: 3200px) 100vw, 3200px\" \/>\t\t\t\t\t\t\t\t\t\t\t\t\t\t\t<\/div>\n\t\t\t\t<\/div>\n\t\t\t\t<div class=\"elementor-element elementor-element-874d3e3 elementor-widget elementor-widget-image\" data-id=\"874d3e3\" data-element_type=\"widget\" data-e-type=\"widget\" data-widget_type=\"image.default\">\n\t\t\t\t<div class=\"elementor-widget-container\">\n\t\t\t\t\t\t\t\t\t\t\t\t\t\t\t<img loading=\"lazy\" decoding=\"async\" width=\"3200\" height=\"1800\" src=\"https:\/\/charlesdeppierraz.com\/wp-content\/uploads\/2023\/12\/Volt-Rosso-Levanto-7.png\" class=\"attachment-full size-full wp-image-3614\" alt=\"\" srcset=\"https:\/\/charlesdeppierraz.com\/wp-content\/uploads\/2023\/12\/Volt-Rosso-Levanto-7.png 3200w, https:\/\/charlesdeppierraz.com\/wp-content\/uploads\/2023\/12\/Volt-Rosso-Levanto-7-300x169.png 300w, https:\/\/charlesdeppierraz.com\/wp-content\/uploads\/2023\/12\/Volt-Rosso-Levanto-7-1024x576.png 1024w, https:\/\/charlesdeppierraz.com\/wp-content\/uploads\/2023\/12\/Volt-Rosso-Levanto-7-768x432.png 768w, https:\/\/charlesdeppierraz.com\/wp-content\/uploads\/2023\/12\/Volt-Rosso-Levanto-7-1536x864.png 1536w, https:\/\/charlesdeppierraz.com\/wp-content\/uploads\/2023\/12\/Volt-Rosso-Levanto-7-2048x1152.png 2048w\" sizes=\"(max-width: 3200px) 100vw, 3200px\" \/>\t\t\t\t\t\t\t\t\t\t\t\t\t\t\t<\/div>\n\t\t\t\t<\/div>\n\t\t\t\t\t<\/div>\n\t\t\t\t<\/div>\n\t\t\t\t<\/div>\n\t\t","protected":false},"excerpt":{"rendered":"<p>Volt Couchtisch aus Rosso Levanto Marmor. Jedes St\u00fcck ist signiert, nummeriert und wird mit einem Echtheitszertifikat geliefert. Ma\u00dfe: H 323 mm \u00d8 1400 mm Individuelle Ausf\u00fchrungen auf Anfrage. Hergestellt in Frankreich von den Ateliers Saint-Jacques. Lieferzeit zwischen 14 und 16 Wochen. Angebot anfordern Dokumentation herunterladen<\/p>\n","protected":false},"author":1,"featured_media":3612,"parent":0,"menu_order":0,"comment_status":"closed","ping_status":"closed","template":"","meta":{"footnotes":""},"categories":[],"tags":[],"class_list":["post-3606","page","type-page","status-publish","has-post-thumbnail","hentry"],"_links":{"self":[{"href":"https:\/\/charlesdeppierraz.com\/de\/wp-json\/wp\/v2\/pages\/3606","targetHints":{"allow":["GET"]}}],"collection":[{"href":"https:\/\/charlesdeppierraz.com\/de\/wp-json\/wp\/v2\/pages"}],"about":[{"href":"https:\/\/charlesdeppierraz.com\/de\/wp-json\/wp\/v2\/types\/page"}],"author":[{"embeddable":true,"href":"https:\/\/charlesdeppierraz.com\/de\/wp-json\/wp\/v2\/users\/1"}],"replies":[{"embeddable":true,"href":"https:\/\/charlesdeppierraz.com\/de\/wp-json\/wp\/v2\/comments?post=3606"}],"version-history":[{"count":1,"href":"https:\/\/charlesdeppierraz.com\/de\/wp-json\/wp\/v2\/pages\/3606\/revisions"}],"predecessor-version":[{"id":3615,"href":"https:\/\/charlesdeppierraz.com\/de\/wp-json\/wp\/v2\/pages\/3606\/revisions\/3615"}],"wp:featuredmedia":[{"embeddable":true,"href":"https:\/\/charlesdeppierraz.com\/de\/wp-json\/wp\/v2\/media\/3612"}],"wp:attachment":[{"href":"https:\/\/charlesdeppierraz.com\/de\/wp-json\/wp\/v2\/media?parent=3606"}],"wp:term":[{"taxonomy":"category","embeddable":true,"href":"https:\/\/charlesdeppierraz.com\/de\/wp-json\/wp\/v2\/categories?post=3606"},{"taxonomy":"post_tag","embeddable":true,"href":"https:\/\/charlesdeppierraz.com\/de\/wp-json\/wp\/v2\/tags?post=3606"}],"curies":[{"name":"wp","href":"https:\/\/api.w.org\/{rel}","templated":true}]}}