{"id":3544,"date":"2023-07-31T10:45:17","date_gmt":"2023-07-31T08:45:17","guid":{"rendered":"https:\/\/charlesdeppierraz.com\/baobab-side-table\/"},"modified":"2025-11-05T09:10:48","modified_gmt":"2025-11-05T08:10:48","slug":"baobab-side-table","status":"publish","type":"page","link":"https:\/\/charlesdeppierraz.com\/de\/baobab-side-table\/","title":{"rendered":"Baobab side table"},"content":{"rendered":"\t\t<div data-elementor-type=\"wp-page\" data-elementor-id=\"3544\" class=\"elementor elementor-3544 elementor-651\" data-elementor-post-type=\"page\">\n\t\t\t\t<div class=\"elementor-element elementor-element-7072edc8 e-flex e-con-boxed e-con e-parent\" data-id=\"7072edc8\" data-element_type=\"container\" data-e-type=\"container\">\n\t\t\t\t\t<div class=\"e-con-inner\">\n\t\t\t\t<div class=\"elementor-element elementor-element-58a848ae elementor-widget elementor-widget-image\" data-id=\"58a848ae\" data-element_type=\"widget\" data-e-type=\"widget\" data-widget_type=\"image.default\">\n\t\t\t\t<div class=\"elementor-widget-container\">\n\t\t\t\t\t\t\t\t\t\t\t\t\t\t\t<img fetchpriority=\"high\" decoding=\"async\" width=\"3200\" height=\"1800\" src=\"https:\/\/charlesdeppierraz.com\/wp-content\/uploads\/2023\/10\/Baobab-side-table-blue-1.png\" class=\"attachment-full size-full wp-image-3302\" alt=\"Baobab Beistelltisch blau 1\" srcset=\"https:\/\/charlesdeppierraz.com\/wp-content\/uploads\/2023\/10\/Baobab-side-table-blue-1.png 3200w, https:\/\/charlesdeppierraz.com\/wp-content\/uploads\/2023\/10\/Baobab-side-table-blue-1-300x169.png 300w, https:\/\/charlesdeppierraz.com\/wp-content\/uploads\/2023\/10\/Baobab-side-table-blue-1-1024x576.png 1024w, https:\/\/charlesdeppierraz.com\/wp-content\/uploads\/2023\/10\/Baobab-side-table-blue-1-768x432.png 768w, https:\/\/charlesdeppierraz.com\/wp-content\/uploads\/2023\/10\/Baobab-side-table-blue-1-1536x864.png 1536w, https:\/\/charlesdeppierraz.com\/wp-content\/uploads\/2023\/10\/Baobab-side-table-blue-1-2048x1152.png 2048w\" sizes=\"(max-width: 3200px) 100vw, 3200px\" \/>\t\t\t\t\t\t\t\t\t\t\t\t\t\t\t<\/div>\n\t\t\t\t<\/div>\n\t\t\t\t<div class=\"elementor-element elementor-element-14f3f78c elementor-widget elementor-widget-heading\" data-id=\"14f3f78c\" data-element_type=\"widget\" data-e-type=\"widget\" data-widget_type=\"heading.default\">\n\t\t\t\t<div class=\"elementor-widget-container\">\n\t\t\t\t\t<h2 class=\"elementor-heading-title elementor-size-default\">Baobab side table<\/h2>\t\t\t\t<\/div>\n\t\t\t\t<\/div>\n\t\t\t\t<div class=\"elementor-element elementor-element-5e2b3fc elementor-widget elementor-widget-text-editor\" data-id=\"5e2b3fc\" data-element_type=\"widget\" data-e-type=\"widget\" data-widget_type=\"text-editor.default\">\n\t\t\t\t<div class=\"elementor-widget-container\">\n\t\t\t\t\t\t\t\t\t<p>Beistelltisch aus metallisiertem Holz.<\/p><p>Halb-rohe, blau patinierte Bronze.<\/p><p>Jedes St\u00fcck ist signiert, nummeriert und wird mit einem Echtheitszertifikat geliefert.<\/p><p>Hergestellt in Frankreich vom Studio Saint Pierre.<\/p><p>Ma\u00dfe: H 480 mm \u00d8 680 mm<\/p><p>Lieferzeit zwischen 8 und 12 Wochen.<\/p><p>Individuelle Ausf\u00fchrungen auf Anfrage.<\/p>\t\t\t\t\t\t\t\t<\/div>\n\t\t\t\t<\/div>\n\t\t\t\t\t<\/div>\n\t\t\t\t<\/div>\n\t\t<div class=\"elementor-element elementor-element-5ffa20a1 e-flex e-con-boxed e-con e-parent\" data-id=\"5ffa20a1\" data-element_type=\"container\" data-e-type=\"container\">\n\t\t\t\t\t<div class=\"e-con-inner\">\n\t\t<div class=\"elementor-element elementor-element-da67dc2 e-con-full e-flex e-con e-child\" data-id=\"da67dc2\" data-element_type=\"container\" data-e-type=\"container\">\n\t\t\t\t<div class=\"elementor-element elementor-element-389c4585 elementor-align-center elementor-widget elementor-widget-button\" data-id=\"389c4585\" data-element_type=\"widget\" data-e-type=\"widget\" data-widget_type=\"button.default\">\n\t\t\t\t<div class=\"elementor-widget-container\">\n\t\t\t\t\t\t\t\t\t<div class=\"elementor-button-wrapper\">\n\t\t\t\t\t<a class=\"elementor-button elementor-button-link elementor-size-md\" href=\"mailto:acquisitions@charlesdeppierraz.com\">\n\t\t\t\t\t\t<span class=\"elementor-button-content-wrapper\">\n\t\t\t\t\t\t\t\t\t<span class=\"elementor-button-text\">Angebot anfordern<\/span>\n\t\t\t\t\t<\/span>\n\t\t\t\t\t<\/a>\n\t\t\t\t<\/div>\n\t\t\t\t\t\t\t\t<\/div>\n\t\t\t\t<\/div>\n\t\t\t\t<\/div>\n\t\t<div class=\"elementor-element elementor-element-579f527 e-con-full e-flex e-con e-child\" data-id=\"579f527\" data-element_type=\"container\" data-e-type=\"container\">\n\t\t\t\t<div class=\"elementor-element elementor-element-137ce1e0 elementor-align-center elementor-widget elementor-widget-button\" data-id=\"137ce1e0\" data-element_type=\"widget\" data-e-type=\"widget\" data-widget_type=\"button.default\">\n\t\t\t\t<div class=\"elementor-widget-container\">\n\t\t\t\t\t\t\t\t\t<div class=\"elementor-button-wrapper\">\n\t\t\t\t\t<a class=\"elementor-button elementor-button-link elementor-size-md\" href=\"https:\/\/s3.eu-north-1.amazonaws.com\/charlesdeppierraz.com\/Baobab+side+table+blue.pdf\" target=\"_blank\">\n\t\t\t\t\t\t<span class=\"elementor-button-content-wrapper\">\n\t\t\t\t\t\t<span class=\"elementor-button-icon\">\n\t\t\t\t<i aria-hidden=\"true\" class=\"far fa-file-pdf\"><\/i>\t\t\t<\/span>\n\t\t\t\t\t\t\t\t\t<span class=\"elementor-button-text\">Dokumentation herunterladen<\/span>\n\t\t\t\t\t<\/span>\n\t\t\t\t\t<\/a>\n\t\t\t\t<\/div>\n\t\t\t\t\t\t\t\t<\/div>\n\t\t\t\t<\/div>\n\t\t\t\t<\/div>\n\t\t\t\t\t<\/div>\n\t\t\t\t<\/div>\n\t\t<div class=\"elementor-element elementor-element-3cfadade e-flex e-con-boxed e-con e-parent\" data-id=\"3cfadade\" data-element_type=\"container\" data-e-type=\"container\">\n\t\t\t\t\t<div class=\"e-con-inner\">\n\t\t\t\t<div class=\"elementor-element elementor-element-6ccf7113 elementor-widget elementor-widget-image\" data-id=\"6ccf7113\" data-element_type=\"widget\" data-e-type=\"widget\" data-widget_type=\"image.default\">\n\t\t\t\t<div class=\"elementor-widget-container\">\n\t\t\t\t\t\t\t\t\t\t\t\t\t\t\t<img decoding=\"async\" width=\"3200\" height=\"1800\" src=\"https:\/\/charlesdeppierraz.com\/wp-content\/uploads\/2023\/10\/Baobab-side-table-blue-2.png\" class=\"attachment-full size-full wp-image-3545\" alt=\"\" srcset=\"https:\/\/charlesdeppierraz.com\/wp-content\/uploads\/2023\/10\/Baobab-side-table-blue-2.png 3200w, https:\/\/charlesdeppierraz.com\/wp-content\/uploads\/2023\/10\/Baobab-side-table-blue-2-300x169.png 300w, https:\/\/charlesdeppierraz.com\/wp-content\/uploads\/2023\/10\/Baobab-side-table-blue-2-1024x576.png 1024w, https:\/\/charlesdeppierraz.com\/wp-content\/uploads\/2023\/10\/Baobab-side-table-blue-2-768x432.png 768w, https:\/\/charlesdeppierraz.com\/wp-content\/uploads\/2023\/10\/Baobab-side-table-blue-2-1536x864.png 1536w, https:\/\/charlesdeppierraz.com\/wp-content\/uploads\/2023\/10\/Baobab-side-table-blue-2-2048x1152.png 2048w\" sizes=\"(max-width: 3200px) 100vw, 3200px\" \/>\t\t\t\t\t\t\t\t\t\t\t\t\t\t\t<\/div>\n\t\t\t\t<\/div>\n\t\t\t\t<div class=\"elementor-element elementor-element-39718ed3 elementor-widget elementor-widget-image\" data-id=\"39718ed3\" data-element_type=\"widget\" data-e-type=\"widget\" data-widget_type=\"image.default\">\n\t\t\t\t<div class=\"elementor-widget-container\">\n\t\t\t\t\t\t\t\t\t\t\t\t\t\t\t<img decoding=\"async\" width=\"3200\" height=\"1800\" src=\"https:\/\/charlesdeppierraz.com\/wp-content\/uploads\/2023\/10\/Baobab-side-table-blue-3.png\" class=\"attachment-full size-full wp-image-3546\" alt=\"\" srcset=\"https:\/\/charlesdeppierraz.com\/wp-content\/uploads\/2023\/10\/Baobab-side-table-blue-3.png 3200w, https:\/\/charlesdeppierraz.com\/wp-content\/uploads\/2023\/10\/Baobab-side-table-blue-3-300x169.png 300w, https:\/\/charlesdeppierraz.com\/wp-content\/uploads\/2023\/10\/Baobab-side-table-blue-3-1024x576.png 1024w, https:\/\/charlesdeppierraz.com\/wp-content\/uploads\/2023\/10\/Baobab-side-table-blue-3-768x432.png 768w, https:\/\/charlesdeppierraz.com\/wp-content\/uploads\/2023\/10\/Baobab-side-table-blue-3-1536x864.png 1536w, https:\/\/charlesdeppierraz.com\/wp-content\/uploads\/2023\/10\/Baobab-side-table-blue-3-2048x1152.png 2048w\" sizes=\"(max-width: 3200px) 100vw, 3200px\" \/>\t\t\t\t\t\t\t\t\t\t\t\t\t\t\t<\/div>\n\t\t\t\t<\/div>\n\t\t\t\t<div class=\"elementor-element elementor-element-75af2343 elementor-widget elementor-widget-image\" data-id=\"75af2343\" data-element_type=\"widget\" data-e-type=\"widget\" data-widget_type=\"image.default\">\n\t\t\t\t<div class=\"elementor-widget-container\">\n\t\t\t\t\t\t\t\t\t\t\t\t\t\t\t<img loading=\"lazy\" decoding=\"async\" width=\"3200\" height=\"1800\" src=\"https:\/\/charlesdeppierraz.com\/wp-content\/uploads\/2023\/10\/Baobab-side-table-blue-4.png\" class=\"attachment-full size-full wp-image-3548\" alt=\"\" srcset=\"https:\/\/charlesdeppierraz.com\/wp-content\/uploads\/2023\/10\/Baobab-side-table-blue-4.png 3200w, https:\/\/charlesdeppierraz.com\/wp-content\/uploads\/2023\/10\/Baobab-side-table-blue-4-300x169.png 300w, https:\/\/charlesdeppierraz.com\/wp-content\/uploads\/2023\/10\/Baobab-side-table-blue-4-1024x576.png 1024w, https:\/\/charlesdeppierraz.com\/wp-content\/uploads\/2023\/10\/Baobab-side-table-blue-4-768x432.png 768w, https:\/\/charlesdeppierraz.com\/wp-content\/uploads\/2023\/10\/Baobab-side-table-blue-4-1536x864.png 1536w, https:\/\/charlesdeppierraz.com\/wp-content\/uploads\/2023\/10\/Baobab-side-table-blue-4-2048x1152.png 2048w\" sizes=\"(max-width: 3200px) 100vw, 3200px\" \/>\t\t\t\t\t\t\t\t\t\t\t\t\t\t\t<\/div>\n\t\t\t\t<\/div>\n\t\t\t\t<div class=\"elementor-element elementor-element-5bab6a15 elementor-widget elementor-widget-image\" data-id=\"5bab6a15\" data-element_type=\"widget\" data-e-type=\"widget\" data-widget_type=\"image.default\">\n\t\t\t\t<div class=\"elementor-widget-container\">\n\t\t\t\t\t\t\t\t\t\t\t\t\t\t\t<img loading=\"lazy\" decoding=\"async\" width=\"3200\" height=\"1800\" src=\"https:\/\/charlesdeppierraz.com\/wp-content\/uploads\/2023\/10\/Baobab-side-table-blue-5.png\" class=\"attachment-full size-full wp-image-3549\" alt=\"\" srcset=\"https:\/\/charlesdeppierraz.com\/wp-content\/uploads\/2023\/10\/Baobab-side-table-blue-5.png 3200w, https:\/\/charlesdeppierraz.com\/wp-content\/uploads\/2023\/10\/Baobab-side-table-blue-5-300x169.png 300w, https:\/\/charlesdeppierraz.com\/wp-content\/uploads\/2023\/10\/Baobab-side-table-blue-5-1024x576.png 1024w, https:\/\/charlesdeppierraz.com\/wp-content\/uploads\/2023\/10\/Baobab-side-table-blue-5-768x432.png 768w, https:\/\/charlesdeppierraz.com\/wp-content\/uploads\/2023\/10\/Baobab-side-table-blue-5-1536x864.png 1536w, https:\/\/charlesdeppierraz.com\/wp-content\/uploads\/2023\/10\/Baobab-side-table-blue-5-2048x1152.png 2048w\" sizes=\"(max-width: 3200px) 100vw, 3200px\" \/>\t\t\t\t\t\t\t\t\t\t\t\t\t\t\t<\/div>\n\t\t\t\t<\/div>\n\t\t\t\t\t<\/div>\n\t\t\t\t<\/div>\n\t\t\t\t<\/div>\n\t\t","protected":false},"excerpt":{"rendered":"<p>Baobab side table Beistelltisch aus metallisiertem Holz. Halb-rohe, blau patinierte Bronze. Jedes St\u00fcck ist signiert, nummeriert und wird mit einem Echtheitszertifikat geliefert. Hergestellt in Frankreich vom Studio Saint Pierre. Ma\u00dfe: H 480 mm \u00d8 680 mm Lieferzeit zwischen 8 und 12 Wochen. Individuelle Ausf\u00fchrungen auf Anfrage. Angebot anfordern Dokumentation herunterladen<\/p>\n","protected":false},"author":1,"featured_media":3551,"parent":0,"menu_order":0,"comment_status":"closed","ping_status":"closed","template":"","meta":{"footnotes":""},"categories":[],"tags":[],"class_list":["post-3544","page","type-page","status-publish","has-post-thumbnail","hentry"],"_links":{"self":[{"href":"https:\/\/charlesdeppierraz.com\/de\/wp-json\/wp\/v2\/pages\/3544","targetHints":{"allow":["GET"]}}],"collection":[{"href":"https:\/\/charlesdeppierraz.com\/de\/wp-json\/wp\/v2\/pages"}],"about":[{"href":"https:\/\/charlesdeppierraz.com\/de\/wp-json\/wp\/v2\/types\/page"}],"author":[{"embeddable":true,"href":"https:\/\/charlesdeppierraz.com\/de\/wp-json\/wp\/v2\/users\/1"}],"replies":[{"embeddable":true,"href":"https:\/\/charlesdeppierraz.com\/de\/wp-json\/wp\/v2\/comments?post=3544"}],"version-history":[{"count":1,"href":"https:\/\/charlesdeppierraz.com\/de\/wp-json\/wp\/v2\/pages\/3544\/revisions"}],"predecessor-version":[{"id":3557,"href":"https:\/\/charlesdeppierraz.com\/de\/wp-json\/wp\/v2\/pages\/3544\/revisions\/3557"}],"wp:featuredmedia":[{"embeddable":true,"href":"https:\/\/charlesdeppierraz.com\/de\/wp-json\/wp\/v2\/media\/3551"}],"wp:attachment":[{"href":"https:\/\/charlesdeppierraz.com\/de\/wp-json\/wp\/v2\/media?parent=3544"}],"wp:term":[{"taxonomy":"category","embeddable":true,"href":"https:\/\/charlesdeppierraz.com\/de\/wp-json\/wp\/v2\/categories?post=3544"},{"taxonomy":"post_tag","embeddable":true,"href":"https:\/\/charlesdeppierraz.com\/de\/wp-json\/wp\/v2\/tags?post=3544"}],"curies":[{"name":"wp","href":"https:\/\/api.w.org\/{rel}","templated":true}]}}