{"id":3528,"date":"2023-07-31T10:46:40","date_gmt":"2023-07-31T08:46:40","guid":{"rendered":"https:\/\/charlesdeppierraz.com\/monique\/"},"modified":"2025-11-05T09:10:49","modified_gmt":"2025-11-05T08:10:49","slug":"monique","status":"publish","type":"page","link":"https:\/\/charlesdeppierraz.com\/de\/monique\/","title":{"rendered":"Monique"},"content":{"rendered":"\t\t<div data-elementor-type=\"wp-page\" data-elementor-id=\"3528\" class=\"elementor elementor-3528 elementor-661\" data-elementor-post-type=\"page\">\n\t\t\t\t<div class=\"elementor-element elementor-element-25e21489 e-flex e-con-boxed e-con e-parent\" data-id=\"25e21489\" data-element_type=\"container\" data-e-type=\"container\">\n\t\t\t\t\t<div class=\"e-con-inner\">\n\t\t\t\t<div class=\"elementor-element elementor-element-2ca0e39a elementor-widget elementor-widget-image\" data-id=\"2ca0e39a\" data-element_type=\"widget\" data-e-type=\"widget\" data-widget_type=\"image.default\">\n\t\t\t\t<div class=\"elementor-widget-container\">\n\t\t\t\t\t\t\t\t\t\t\t\t\t\t\t<img fetchpriority=\"high\" decoding=\"async\" width=\"3200\" height=\"1800\" src=\"https:\/\/charlesdeppierraz.com\/wp-content\/uploads\/2024\/01\/Monique-1c.png\" class=\"attachment-full size-full wp-image-3530\" alt=\"\" srcset=\"https:\/\/charlesdeppierraz.com\/wp-content\/uploads\/2024\/01\/Monique-1c.png 3200w, https:\/\/charlesdeppierraz.com\/wp-content\/uploads\/2024\/01\/Monique-1c-300x169.png 300w, https:\/\/charlesdeppierraz.com\/wp-content\/uploads\/2024\/01\/Monique-1c-1024x576.png 1024w, https:\/\/charlesdeppierraz.com\/wp-content\/uploads\/2024\/01\/Monique-1c-768x432.png 768w, https:\/\/charlesdeppierraz.com\/wp-content\/uploads\/2024\/01\/Monique-1c-1536x864.png 1536w, https:\/\/charlesdeppierraz.com\/wp-content\/uploads\/2024\/01\/Monique-1c-2048x1152.png 2048w\" sizes=\"(max-width: 3200px) 100vw, 3200px\" \/>\t\t\t\t\t\t\t\t\t\t\t\t\t\t\t<\/div>\n\t\t\t\t<\/div>\n\t\t\t\t<div class=\"elementor-element elementor-element-43b01b87 elementor-widget elementor-widget-heading\" data-id=\"43b01b87\" data-element_type=\"widget\" data-e-type=\"widget\" data-widget_type=\"heading.default\">\n\t\t\t\t<div class=\"elementor-widget-container\">\n\t\t\t\t\t<h2 class=\"elementor-heading-title elementor-size-default\">Monique<\/h2>\t\t\t\t<\/div>\n\t\t\t\t<\/div>\n\t\t\t\t<div class=\"elementor-element elementor-element-1f5a4ef6 elementor-widget elementor-widget-text-editor\" data-id=\"1f5a4ef6\" data-element_type=\"widget\" data-e-type=\"widget\" data-widget_type=\"text-editor.default\">\n\t\t\t\t<div class=\"elementor-widget-container\">\n\t\t\t\t\t\t\t\t\t<p>Rechteckiger Esstisch aus Kastanienholz.<\/p>\n<p>Die Tischplatte ist mit Intarsien versehen.<\/p>\n<p>Matte Oberfl\u00e4chen.<\/p>\n<p>Abmessungen: H 740 mm L 3000 mm T 1000 mm<\/p>\n<p>Jedes St\u00fcck ist signiert, nummeriert und wird mit einem Echtheitszertifikat geliefert.<\/p>\n<p>Individuelle Ausf\u00fchrungen auf Anfrage.<\/p>\n<p>Hergestellt in Frankreich von den Ateliers Saint-Jacques.<\/p>\n<p>Lieferzeit zwischen 14 und 16 Wochen.<\/p>\t\t\t\t\t\t\t\t<\/div>\n\t\t\t\t<\/div>\n\t\t\t\t\t<\/div>\n\t\t\t\t<\/div>\n\t\t<div class=\"elementor-element elementor-element-5a1a2265 e-flex e-con-boxed e-con e-parent\" data-id=\"5a1a2265\" data-element_type=\"container\" data-e-type=\"container\">\n\t\t\t\t\t<div class=\"e-con-inner\">\n\t\t<div class=\"elementor-element elementor-element-60d96204 e-con-full e-flex e-con e-child\" data-id=\"60d96204\" data-element_type=\"container\" data-e-type=\"container\">\n\t\t\t\t<div class=\"elementor-element elementor-element-3a493376 elementor-align-center elementor-widget elementor-widget-button\" data-id=\"3a493376\" data-element_type=\"widget\" data-e-type=\"widget\" data-widget_type=\"button.default\">\n\t\t\t\t<div class=\"elementor-widget-container\">\n\t\t\t\t\t\t\t\t\t<div class=\"elementor-button-wrapper\">\n\t\t\t\t\t<a class=\"elementor-button elementor-button-link elementor-size-md\" href=\"mailto:acquisitions@charlesdeppierraz.com\">\n\t\t\t\t\t\t<span class=\"elementor-button-content-wrapper\">\n\t\t\t\t\t\t\t\t\t<span class=\"elementor-button-text\">Angebot anfordern<\/span>\n\t\t\t\t\t<\/span>\n\t\t\t\t\t<\/a>\n\t\t\t\t<\/div>\n\t\t\t\t\t\t\t\t<\/div>\n\t\t\t\t<\/div>\n\t\t\t\t<\/div>\n\t\t<div class=\"elementor-element elementor-element-29bcb795 e-con-full e-flex e-con e-child\" data-id=\"29bcb795\" data-element_type=\"container\" data-e-type=\"container\">\n\t\t\t\t<div class=\"elementor-element elementor-element-29e42c03 elementor-align-center elementor-widget elementor-widget-button\" data-id=\"29e42c03\" data-element_type=\"widget\" data-e-type=\"widget\" data-widget_type=\"button.default\">\n\t\t\t\t<div class=\"elementor-widget-container\">\n\t\t\t\t\t\t\t\t\t<div class=\"elementor-button-wrapper\">\n\t\t\t\t\t<a class=\"elementor-button elementor-button-link elementor-size-md\" href=\"https:\/\/s3.eu-north-1.amazonaws.com\/charlesdeppierraz.com\/Monique.pdf\" target=\"_blank\">\n\t\t\t\t\t\t<span class=\"elementor-button-content-wrapper\">\n\t\t\t\t\t\t<span class=\"elementor-button-icon\">\n\t\t\t\t<i aria-hidden=\"true\" class=\"far fa-file-pdf\"><\/i>\t\t\t<\/span>\n\t\t\t\t\t\t\t\t\t<span class=\"elementor-button-text\">Dokumentation herunterladen<\/span>\n\t\t\t\t\t<\/span>\n\t\t\t\t\t<\/a>\n\t\t\t\t<\/div>\n\t\t\t\t\t\t\t\t<\/div>\n\t\t\t\t<\/div>\n\t\t\t\t<\/div>\n\t\t\t\t\t<\/div>\n\t\t\t\t<\/div>\n\t\t<div class=\"elementor-element elementor-element-38b368f6 e-flex e-con-boxed e-con e-parent\" data-id=\"38b368f6\" data-element_type=\"container\" data-e-type=\"container\">\n\t\t\t\t\t<div class=\"e-con-inner\">\n\t\t\t\t<div class=\"elementor-element elementor-element-184798c elementor-widget elementor-widget-image\" data-id=\"184798c\" data-element_type=\"widget\" data-e-type=\"widget\" data-widget_type=\"image.default\">\n\t\t\t\t<div class=\"elementor-widget-container\">\n\t\t\t\t\t\t\t\t\t\t\t\t\t\t\t<img decoding=\"async\" src=\"https:\/\/charlesdeppierraz.com\/wp-content\/uploads\/2024\/01\/Monique-2c.png\" title=\"Monique 2c\" alt=\"Monique 2c\" loading=\"lazy\" \/>\t\t\t\t\t\t\t\t\t\t\t\t\t\t\t<\/div>\n\t\t\t\t<\/div>\n\t\t\t\t<div class=\"elementor-element elementor-element-758ebc96 elementor-widget elementor-widget-image\" data-id=\"758ebc96\" data-element_type=\"widget\" data-e-type=\"widget\" data-widget_type=\"image.default\">\n\t\t\t\t<div class=\"elementor-widget-container\">\n\t\t\t\t\t\t\t\t\t\t\t\t\t\t\t<img decoding=\"async\" width=\"3200\" height=\"1800\" src=\"https:\/\/charlesdeppierraz.com\/wp-content\/uploads\/2024\/01\/Monique-6c.png\" class=\"attachment-full size-full wp-image-3539\" alt=\"\" srcset=\"https:\/\/charlesdeppierraz.com\/wp-content\/uploads\/2024\/01\/Monique-6c.png 3200w, https:\/\/charlesdeppierraz.com\/wp-content\/uploads\/2024\/01\/Monique-6c-300x169.png 300w, https:\/\/charlesdeppierraz.com\/wp-content\/uploads\/2024\/01\/Monique-6c-1024x576.png 1024w, https:\/\/charlesdeppierraz.com\/wp-content\/uploads\/2024\/01\/Monique-6c-768x432.png 768w, https:\/\/charlesdeppierraz.com\/wp-content\/uploads\/2024\/01\/Monique-6c-1536x864.png 1536w, https:\/\/charlesdeppierraz.com\/wp-content\/uploads\/2024\/01\/Monique-6c-2048x1152.png 2048w\" sizes=\"(max-width: 3200px) 100vw, 3200px\" \/>\t\t\t\t\t\t\t\t\t\t\t\t\t\t\t<\/div>\n\t\t\t\t<\/div>\n\t\t\t\t<div class=\"elementor-element elementor-element-6aef7be4 elementor-widget elementor-widget-image\" data-id=\"6aef7be4\" data-element_type=\"widget\" data-e-type=\"widget\" data-widget_type=\"image.default\">\n\t\t\t\t<div class=\"elementor-widget-container\">\n\t\t\t\t\t\t\t\t\t\t\t\t\t\t\t<img decoding=\"async\" width=\"3200\" height=\"1800\" src=\"https:\/\/charlesdeppierraz.com\/wp-content\/uploads\/2024\/01\/Monique.png\" class=\"attachment-full size-full wp-image-3267\" alt=\"Monique 1\" srcset=\"https:\/\/charlesdeppierraz.com\/wp-content\/uploads\/2024\/01\/Monique.png 3200w, https:\/\/charlesdeppierraz.com\/wp-content\/uploads\/2024\/01\/Monique-300x169.png 300w, https:\/\/charlesdeppierraz.com\/wp-content\/uploads\/2024\/01\/Monique-1024x576.png 1024w, https:\/\/charlesdeppierraz.com\/wp-content\/uploads\/2024\/01\/Monique-768x432.png 768w, https:\/\/charlesdeppierraz.com\/wp-content\/uploads\/2024\/01\/Monique-1536x864.png 1536w, https:\/\/charlesdeppierraz.com\/wp-content\/uploads\/2024\/01\/Monique-2048x1152.png 2048w\" sizes=\"(max-width: 3200px) 100vw, 3200px\" \/>\t\t\t\t\t\t\t\t\t\t\t\t\t\t\t<\/div>\n\t\t\t\t<\/div>\n\t\t\t\t<div class=\"elementor-element elementor-element-42d48dcc elementor-widget elementor-widget-image\" data-id=\"42d48dcc\" data-element_type=\"widget\" data-e-type=\"widget\" data-widget_type=\"image.default\">\n\t\t\t\t<div class=\"elementor-widget-container\">\n\t\t\t\t\t\t\t\t\t\t\t\t\t\t\t<img loading=\"lazy\" decoding=\"async\" width=\"3200\" height=\"1800\" src=\"https:\/\/charlesdeppierraz.com\/wp-content\/uploads\/2024\/01\/Monique-5c.png\" class=\"attachment-full size-full wp-image-3537\" alt=\"\" srcset=\"https:\/\/charlesdeppierraz.com\/wp-content\/uploads\/2024\/01\/Monique-5c.png 3200w, https:\/\/charlesdeppierraz.com\/wp-content\/uploads\/2024\/01\/Monique-5c-300x169.png 300w, https:\/\/charlesdeppierraz.com\/wp-content\/uploads\/2024\/01\/Monique-5c-1024x576.png 1024w, https:\/\/charlesdeppierraz.com\/wp-content\/uploads\/2024\/01\/Monique-5c-768x432.png 768w, https:\/\/charlesdeppierraz.com\/wp-content\/uploads\/2024\/01\/Monique-5c-1536x864.png 1536w, https:\/\/charlesdeppierraz.com\/wp-content\/uploads\/2024\/01\/Monique-5c-2048x1152.png 2048w\" sizes=\"(max-width: 3200px) 100vw, 3200px\" \/>\t\t\t\t\t\t\t\t\t\t\t\t\t\t\t<\/div>\n\t\t\t\t<\/div>\n\t\t\t\t<div class=\"elementor-element elementor-element-180237a elementor-widget elementor-widget-image\" data-id=\"180237a\" data-element_type=\"widget\" data-e-type=\"widget\" data-widget_type=\"image.default\">\n\t\t\t\t<div class=\"elementor-widget-container\">\n\t\t\t\t\t\t\t\t\t\t\t\t\t\t\t<img loading=\"lazy\" decoding=\"async\" width=\"3200\" height=\"1800\" src=\"https:\/\/charlesdeppierraz.com\/wp-content\/uploads\/2024\/01\/Monique-4c.png\" class=\"attachment-full size-full wp-image-3535\" alt=\"\" srcset=\"https:\/\/charlesdeppierraz.com\/wp-content\/uploads\/2024\/01\/Monique-4c.png 3200w, https:\/\/charlesdeppierraz.com\/wp-content\/uploads\/2024\/01\/Monique-4c-300x169.png 300w, https:\/\/charlesdeppierraz.com\/wp-content\/uploads\/2024\/01\/Monique-4c-1024x576.png 1024w, https:\/\/charlesdeppierraz.com\/wp-content\/uploads\/2024\/01\/Monique-4c-768x432.png 768w, https:\/\/charlesdeppierraz.com\/wp-content\/uploads\/2024\/01\/Monique-4c-1536x864.png 1536w, https:\/\/charlesdeppierraz.com\/wp-content\/uploads\/2024\/01\/Monique-4c-2048x1152.png 2048w\" sizes=\"(max-width: 3200px) 100vw, 3200px\" \/>\t\t\t\t\t\t\t\t\t\t\t\t\t\t\t<\/div>\n\t\t\t\t<\/div>\n\t\t\t\t\t<\/div>\n\t\t\t\t<\/div>\n\t\t\t\t<\/div>\n\t\t","protected":false},"excerpt":{"rendered":"<p>Monique Rechteckiger Esstisch aus Kastanienholz. Die Tischplatte ist mit Intarsien versehen. Matte Oberfl\u00e4chen. Abmessungen: H 740 mm L 3000 mm T 1000 mm Jedes St\u00fcck ist signiert, nummeriert und wird mit einem Echtheitszertifikat geliefert. Individuelle Ausf\u00fchrungen auf Anfrage. Hergestellt in Frankreich von den Ateliers Saint-Jacques. Lieferzeit zwischen 14 und 16 Wochen. Angebot anfordern Dokumentation herunterladen<\/p>\n","protected":false},"author":1,"featured_media":3541,"parent":0,"menu_order":0,"comment_status":"closed","ping_status":"closed","template":"","meta":{"footnotes":""},"categories":[],"tags":[],"class_list":["post-3528","page","type-page","status-publish","has-post-thumbnail","hentry"],"_links":{"self":[{"href":"https:\/\/charlesdeppierraz.com\/de\/wp-json\/wp\/v2\/pages\/3528","targetHints":{"allow":["GET"]}}],"collection":[{"href":"https:\/\/charlesdeppierraz.com\/de\/wp-json\/wp\/v2\/pages"}],"about":[{"href":"https:\/\/charlesdeppierraz.com\/de\/wp-json\/wp\/v2\/types\/page"}],"author":[{"embeddable":true,"href":"https:\/\/charlesdeppierraz.com\/de\/wp-json\/wp\/v2\/users\/1"}],"replies":[{"embeddable":true,"href":"https:\/\/charlesdeppierraz.com\/de\/wp-json\/wp\/v2\/comments?post=3528"}],"version-history":[{"count":1,"href":"https:\/\/charlesdeppierraz.com\/de\/wp-json\/wp\/v2\/pages\/3528\/revisions"}],"predecessor-version":[{"id":3543,"href":"https:\/\/charlesdeppierraz.com\/de\/wp-json\/wp\/v2\/pages\/3528\/revisions\/3543"}],"wp:featuredmedia":[{"embeddable":true,"href":"https:\/\/charlesdeppierraz.com\/de\/wp-json\/wp\/v2\/media\/3541"}],"wp:attachment":[{"href":"https:\/\/charlesdeppierraz.com\/de\/wp-json\/wp\/v2\/media?parent=3528"}],"wp:term":[{"taxonomy":"category","embeddable":true,"href":"https:\/\/charlesdeppierraz.com\/de\/wp-json\/wp\/v2\/categories?post=3528"},{"taxonomy":"post_tag","embeddable":true,"href":"https:\/\/charlesdeppierraz.com\/de\/wp-json\/wp\/v2\/tags?post=3528"}],"curies":[{"name":"wp","href":"https:\/\/api.w.org\/{rel}","templated":true}]}}