{"id":3491,"date":"2023-10-24T11:37:35","date_gmt":"2023-10-24T09:37:35","guid":{"rendered":"https:\/\/charlesdeppierraz.com\/ueber-uns\/"},"modified":"2025-11-07T08:59:50","modified_gmt":"2025-11-07T07:59:50","slug":"ueber-uns","status":"publish","type":"page","link":"https:\/\/charlesdeppierraz.com\/de\/ueber-uns\/","title":{"rendered":"\u00dcber uns"},"content":{"rendered":"\t\t<div data-elementor-type=\"wp-page\" data-elementor-id=\"3491\" class=\"elementor elementor-3491 elementor-1393\" data-elementor-post-type=\"page\">\n\t\t\t\t<div class=\"elementor-element elementor-element-46fefab e-flex e-con-boxed e-con e-parent\" data-id=\"46fefab\" data-element_type=\"container\" data-e-type=\"container\">\n\t\t\t\t\t<div class=\"e-con-inner\">\n\t\t<div class=\"elementor-element elementor-element-d226dd4 e-con-full e-flex e-con e-child\" data-id=\"d226dd4\" data-element_type=\"container\" data-e-type=\"container\">\n\t\t<div class=\"elementor-element elementor-element-1840a85 e-grid e-con-full e-con e-child\" data-id=\"1840a85\" data-element_type=\"container\" data-e-type=\"container\">\n\t\t\t\t<div class=\"elementor-element elementor-element-e17f769 elementor-widget elementor-widget-image\" data-id=\"e17f769\" data-element_type=\"widget\" data-e-type=\"widget\" data-widget_type=\"image.default\">\n\t\t\t\t<div class=\"elementor-widget-container\">\n\t\t\t\t\t\t\t\t\t\t\t\t<figure class=\"wp-caption\">\n\t\t\t\t\t\t\t\t\t\t<img fetchpriority=\"high\" decoding=\"async\" width=\"683\" height=\"1024\" src=\"https:\/\/charlesdeppierraz.com\/wp-content\/uploads\/2025\/11\/W5A2055w-683x1024.jpg\" class=\"attachment-large size-large wp-image-4078\" alt=\"\" srcset=\"https:\/\/charlesdeppierraz.com\/wp-content\/uploads\/2025\/11\/W5A2055w-683x1024.jpg 683w, https:\/\/charlesdeppierraz.com\/wp-content\/uploads\/2025\/11\/W5A2055w-200x300.jpg 200w, https:\/\/charlesdeppierraz.com\/wp-content\/uploads\/2025\/11\/W5A2055w-768x1151.jpg 768w, https:\/\/charlesdeppierraz.com\/wp-content\/uploads\/2025\/11\/W5A2055w-1025x1536.jpg 1025w, https:\/\/charlesdeppierraz.com\/wp-content\/uploads\/2025\/11\/W5A2055w-1366x2048.jpg 1366w, https:\/\/charlesdeppierraz.com\/wp-content\/uploads\/2025\/11\/W5A2055w-scaled.jpg 1708w\" sizes=\"(max-width: 683px) 100vw, 683px\" \/>\t\t\t\t\t\t\t\t\t\t\t<figcaption class=\"widget-image-caption wp-caption-text\">Yvan Moreau<\/figcaption>\n\t\t\t\t\t\t\t\t\t\t<\/figure>\n\t\t\t\t\t\t\t\t\t<\/div>\n\t\t\t\t<\/div>\n\t\t\t\t<div class=\"elementor-element elementor-element-a1e0e13 elementor-widget elementor-widget-text-editor\" data-id=\"a1e0e13\" data-element_type=\"widget\" data-e-type=\"widget\" data-widget_type=\"text-editor.default\">\n\t\t\t\t<div class=\"elementor-widget-container\">\n\t\t\t\t\t\t\t\t\t<p>Geboren 1971 in der Schweiz, ist Charles-Emmanuel Deppierraz ein autodidaktischer Designer mit einem ungew\u00f6hnlichen Werdegang.<\/p><p>Als ehemaliger leitender Angestellter entdeckte er zuf\u00e4llig an der Schwelle zu seinem f\u00fcnfzigsten Lebensjahr ein verborgenes Talent und eine Leidenschaft f\u00fcr M\u00f6bel- und Leuchtendesign.<\/p><p>Er entwickelte daraufhin einen pers\u00f6nlichen Designansatz, der Emotionen und au\u00dfergew\u00f6hnliches Know-how in originellen und zeitlosen Kreationen vereint.<\/p><p>Indem er Einfachheit und klare Linien mit edlen Materialien und dem Streben nach Exzellenz verbindet, schafft er ma\u00dfgefertigte St\u00fccke und limitierte Editionen in Zusammenarbeit mit den besten Kunsthandwerkern.<\/p><p>Charles-Emmanuel Deppierraz bef\u00fcrwortet die Verwendung von nat\u00fcrlichen, nachhaltigen Materialien, vorzugsweise aus der Region und von au\u00dfergew\u00f6hnlicher Qualit\u00e4t, um St\u00fccke zu schaffen, die \u00fcber Generationen weitergegeben werden k\u00f6nnen. <\/p>\t\t\t\t\t\t\t\t<\/div>\n\t\t\t\t<\/div>\n\t\t\t\t<\/div>\n\t\t\t\t<\/div>\n\t\t\t\t\t<\/div>\n\t\t\t\t<\/div>\n\t\t\t\t<\/div>\n\t\t","protected":false},"excerpt":{"rendered":"<p>Yvan Moreau Geboren 1971 in der Schweiz, ist Charles-Emmanuel Deppierraz ein autodidaktischer Designer mit einem ungew\u00f6hnlichen Werdegang. Als ehemaliger leitender Angestellter entdeckte er zuf\u00e4llig an der Schwelle zu seinem f\u00fcnfzigsten Lebensjahr ein verborgenes Talent und eine Leidenschaft f\u00fcr M\u00f6bel- und Leuchtendesign. Er entwickelte daraufhin einen pers\u00f6nlichen Designansatz, der Emotionen und au\u00dfergew\u00f6hnliches Know-how in originellen und [&hellip;]<\/p>\n","protected":false},"author":1,"featured_media":0,"parent":0,"menu_order":0,"comment_status":"closed","ping_status":"closed","template":"","meta":{"footnotes":""},"categories":[],"tags":[],"class_list":["post-3491","page","type-page","status-publish","hentry"],"_links":{"self":[{"href":"https:\/\/charlesdeppierraz.com\/de\/wp-json\/wp\/v2\/pages\/3491","targetHints":{"allow":["GET"]}}],"collection":[{"href":"https:\/\/charlesdeppierraz.com\/de\/wp-json\/wp\/v2\/pages"}],"about":[{"href":"https:\/\/charlesdeppierraz.com\/de\/wp-json\/wp\/v2\/types\/page"}],"author":[{"embeddable":true,"href":"https:\/\/charlesdeppierraz.com\/de\/wp-json\/wp\/v2\/users\/1"}],"replies":[{"embeddable":true,"href":"https:\/\/charlesdeppierraz.com\/de\/wp-json\/wp\/v2\/comments?post=3491"}],"version-history":[{"count":2,"href":"https:\/\/charlesdeppierraz.com\/de\/wp-json\/wp\/v2\/pages\/3491\/revisions"}],"predecessor-version":[{"id":4079,"href":"https:\/\/charlesdeppierraz.com\/de\/wp-json\/wp\/v2\/pages\/3491\/revisions\/4079"}],"wp:attachment":[{"href":"https:\/\/charlesdeppierraz.com\/de\/wp-json\/wp\/v2\/media?parent=3491"}],"wp:term":[{"taxonomy":"category","embeddable":true,"href":"https:\/\/charlesdeppierraz.com\/de\/wp-json\/wp\/v2\/categories?post=3491"},{"taxonomy":"post_tag","embeddable":true,"href":"https:\/\/charlesdeppierraz.com\/de\/wp-json\/wp\/v2\/tags?post=3491"}],"curies":[{"name":"wp","href":"https:\/\/api.w.org\/{rel}","templated":true}]}}