{"id":3383,"date":"2025-09-03T22:28:59","date_gmt":"2025-09-03T20:28:59","guid":{"rendered":"https:\/\/charlesdeppierraz.com\/handwerker\/"},"modified":"2025-11-05T09:10:10","modified_gmt":"2025-11-05T08:10:10","slug":"handwerker","status":"publish","type":"page","link":"https:\/\/charlesdeppierraz.com\/de\/handwerker\/","title":{"rendered":"Handwerker"},"content":{"rendered":"\t\t<div data-elementor-type=\"wp-page\" data-elementor-id=\"3383\" class=\"elementor elementor-3383 elementor-3084\" data-elementor-post-type=\"page\">\n\t\t\t\t<div class=\"elementor-element elementor-element-a538332 e-flex e-con-boxed e-con e-parent\" data-id=\"a538332\" data-element_type=\"container\" data-e-type=\"container\">\n\t\t\t\t\t<div class=\"e-con-inner\">\n\t\t\t\t<div class=\"elementor-element elementor-element-797b546 elementor-widget elementor-widget-heading\" data-id=\"797b546\" data-element_type=\"widget\" data-e-type=\"widget\" data-widget_type=\"heading.default\">\n\t\t\t\t<div class=\"elementor-widget-container\">\n\t\t\t\t\t<h2 class=\"elementor-heading-title elementor-size-default\">Au\u00dfergew\u00f6hnliche Handwerker<\/h2>\t\t\t\t<\/div>\n\t\t\t\t<\/div>\n\t\t\t\t<div class=\"elementor-element elementor-element-9165246 elementor-widget elementor-widget-spacer\" data-id=\"9165246\" data-element_type=\"widget\" data-e-type=\"widget\" data-widget_type=\"spacer.default\">\n\t\t\t\t<div class=\"elementor-widget-container\">\n\t\t\t\t\t\t\t<div class=\"elementor-spacer\">\n\t\t\t<div class=\"elementor-spacer-inner\"><\/div>\n\t\t<\/div>\n\t\t\t\t\t\t<\/div>\n\t\t\t\t<\/div>\n\t\t\t\t<div class=\"elementor-element elementor-element-778e115 elementor-widget elementor-widget-text-editor\" data-id=\"778e115\" data-element_type=\"widget\" data-e-type=\"widget\" data-widget_type=\"text-editor.default\">\n\t\t\t\t<div class=\"elementor-widget-container\">\n\t\t\t\t\t\t\t\t\t<p><em>\u201eKeine meiner Kreationen k\u00f6nnte ohne das Know-how und die Expertise au\u00dfergew\u00f6hnlicher Menschen existieren.<\/em><\/p><p><em>Diese M\u00e4nner und Frauen, Kunsthandwerker, verstehen es, Materialien zu veredeln und Patinas sowie Oberfl\u00e4chen zu schaffen wie kein anderer.<\/em><\/p><p><em>Dank ihnen erwachen meine Kreationen zum Leben und versch\u00f6nern die Innenr\u00e4ume meiner Kunden.<\/em><\/p><p><em>Ihr Talent und ihre Hingabe sind der Schl\u00fcssel zur Magie, die in jedem St\u00fcck wirkt, das wir gemeinsam schaffen.\u201c<\/em><\/p><p><em>Charles-Emmanuel Deppierraz<\/em><\/p>\t\t\t\t\t\t\t\t<\/div>\n\t\t\t\t<\/div>\n\t\t\t\t\t<\/div>\n\t\t\t\t<\/div>\n\t\t<a class=\"elementor-element elementor-element-bbd90d3 e-flex e-con-boxed e-con e-parent\" data-id=\"bbd90d3\" data-element_type=\"container\" data-e-type=\"container\" href=\"https:\/\/www.jouffre.com\/fr\" target=\"_blank\">\n\t\t\t\t\t<div class=\"e-con-inner\">\n\t\t<div class=\"elementor-element elementor-element-3dcf352 e-con-full e-flex e-con e-child\" data-id=\"3dcf352\" data-element_type=\"container\" data-e-type=\"container\">\n\t\t\t\t<div class=\"elementor-element elementor-element-9720d69 elementor-widget elementor-widget-image\" data-id=\"9720d69\" data-element_type=\"widget\" data-e-type=\"widget\" data-widget_type=\"image.default\">\n\t\t\t\t<div class=\"elementor-widget-container\">\n\t\t\t\t\t\t\t\t\t\t\t\t\t\t\t<img fetchpriority=\"high\" decoding=\"async\" width=\"590\" height=\"308\" src=\"https:\/\/charlesdeppierraz.com\/wp-content\/uploads\/2023\/10\/logo-jouffre.jpg\" class=\"attachment-large size-large wp-image-3385\" alt=\"\" srcset=\"https:\/\/charlesdeppierraz.com\/wp-content\/uploads\/2023\/10\/logo-jouffre.jpg 590w, https:\/\/charlesdeppierraz.com\/wp-content\/uploads\/2023\/10\/logo-jouffre-300x157.jpg 300w\" sizes=\"(max-width: 590px) 100vw, 590px\" \/>\t\t\t\t\t\t\t\t\t\t\t\t\t\t\t<\/div>\n\t\t\t\t<\/div>\n\t\t\t\t<\/div>\n\t\t<div class=\"elementor-element elementor-element-42922b8 e-con-full e-flex e-con e-child\" data-id=\"42922b8\" data-element_type=\"container\" data-e-type=\"container\">\n\t\t\t\t<div class=\"elementor-element elementor-element-7ca2887 elementor-widget elementor-widget-heading\" data-id=\"7ca2887\" data-element_type=\"widget\" data-e-type=\"widget\" data-widget_type=\"heading.default\">\n\t\t\t\t<div class=\"elementor-widget-container\">\n\t\t\t\t\t<h2 class=\"elementor-heading-title elementor-size-default\">Ateliers Jouffre<\/h2>\t\t\t\t<\/div>\n\t\t\t\t<\/div>\n\t\t\t\t<div class=\"elementor-element elementor-element-24914d8 elementor-widget elementor-widget-text-editor\" data-id=\"24914d8\" data-element_type=\"widget\" data-e-type=\"widget\" data-widget_type=\"text-editor.default\">\n\t\t\t\t<div class=\"elementor-widget-container\">\n\t\t\t\t\t\t\t\t\t<p>Spezialisiert auf die Ausf\u00fchrung hochwertiger Polsterarbeiten, pflegen die Ateliers Jouffre ein althergebrachtes Handwerk und technische Virtuosit\u00e4t im Dienste der Kreation. Sofas, Sessel, Ottomane, Bett\u00fcberw\u00fcrfe, Wandbeh\u00e4nge und Fensterdekorationen werden in den verschiedenen Ateliers in Lyon, New York und Rabat zum Leben erweckt, wo jeder Kunsthandwerker, Polsterer und Stepper dieses leidenschaftliche Handwerk seit \u00fcber 35 Jahren pflegt und dabei Know-how und franz\u00f6sischen Luxus verbindet.<\/p>\t\t\t\t\t\t\t\t<\/div>\n\t\t\t\t<\/div>\n\t\t\t\t<\/div>\n\t\t\t\t\t<\/div>\n\t\t\t\t<\/a>\n\t\t<a class=\"elementor-element elementor-element-cbf5f80 e-flex e-con-boxed e-con e-parent\" data-id=\"cbf5f80\" data-element_type=\"container\" data-e-type=\"container\" href=\"https:\/\/www.pouenat.fr\/\" target=\"_blank\">\n\t\t\t\t\t<div class=\"e-con-inner\">\n\t\t<div class=\"elementor-element elementor-element-ee5f43a e-con-full e-flex e-con e-child\" data-id=\"ee5f43a\" data-element_type=\"container\" data-e-type=\"container\">\n\t\t\t\t<div class=\"elementor-element elementor-element-5adb9af elementor-widget elementor-widget-image\" data-id=\"5adb9af\" data-element_type=\"widget\" data-e-type=\"widget\" data-widget_type=\"image.default\">\n\t\t\t\t<div class=\"elementor-widget-container\">\n\t\t\t\t\t\t\t\t\t\t\t\t\t\t\t<img decoding=\"async\" width=\"200\" height=\"200\" src=\"https:\/\/charlesdeppierraz.com\/wp-content\/uploads\/2023\/10\/1591195718636.jpeg\" class=\"attachment-large size-large wp-image-3386\" alt=\"\" srcset=\"https:\/\/charlesdeppierraz.com\/wp-content\/uploads\/2023\/10\/1591195718636.jpeg 200w, https:\/\/charlesdeppierraz.com\/wp-content\/uploads\/2023\/10\/1591195718636-150x150.jpeg 150w\" sizes=\"(max-width: 200px) 100vw, 200px\" \/>\t\t\t\t\t\t\t\t\t\t\t\t\t\t\t<\/div>\n\t\t\t\t<\/div>\n\t\t\t\t<\/div>\n\t\t<div class=\"elementor-element elementor-element-6d8f9bb e-con-full e-flex e-con e-child\" data-id=\"6d8f9bb\" data-element_type=\"container\" data-e-type=\"container\">\n\t\t\t\t<div class=\"elementor-element elementor-element-53f9842 elementor-widget elementor-widget-heading\" data-id=\"53f9842\" data-element_type=\"widget\" data-e-type=\"widget\" data-widget_type=\"heading.default\">\n\t\t\t\t<div class=\"elementor-widget-container\">\n\t\t\t\t\t<h2 class=\"elementor-heading-title elementor-size-default\">Maison Pouenat<\/h2>\t\t\t\t<\/div>\n\t\t\t\t<\/div>\n\t\t\t\t<div class=\"elementor-element elementor-element-c6a5fde elementor-widget elementor-widget-text-editor\" data-id=\"c6a5fde\" data-element_type=\"widget\" data-e-type=\"widget\" data-widget_type=\"text-editor.default\">\n\t\t\t\t<div class=\"elementor-widget-container\">\n\t\t\t\t\t\t\t\t\t<p>Als Eisenkunstschmiede und Kunstverleger verbinden die Ateliers Pouenat Exzellenz und seltenes Know-how f\u00fcr hochwertige Dienstleistungen und Kreationen. Die Kunst des Metalls und die Edition, verbunden mit renommierten Designern.<\/p>\t\t\t\t\t\t\t\t<\/div>\n\t\t\t\t<\/div>\n\t\t\t\t<\/div>\n\t\t\t\t\t<\/div>\n\t\t\t\t<\/a>\n\t\t<a class=\"elementor-element elementor-element-2e78b43 e-flex e-con-boxed e-con e-parent\" data-id=\"2e78b43\" data-element_type=\"container\" data-e-type=\"container\" href=\"https:\/\/www.ateliers-st-jacques.com\/\" target=\"_blank\">\n\t\t\t\t\t<div class=\"e-con-inner\">\n\t\t<div class=\"elementor-element elementor-element-4ed8df2 e-con-full e-flex e-con e-child\" data-id=\"4ed8df2\" data-element_type=\"container\" data-e-type=\"container\">\n\t\t\t\t<div class=\"elementor-element elementor-element-1a79c2f elementor-widget elementor-widget-image\" data-id=\"1a79c2f\" data-element_type=\"widget\" data-e-type=\"widget\" data-widget_type=\"image.default\">\n\t\t\t\t<div class=\"elementor-widget-container\">\n\t\t\t\t\t\t\t\t\t\t\t\t\t\t\t<img decoding=\"async\" width=\"234\" height=\"216\" src=\"https:\/\/charlesdeppierraz.com\/wp-content\/uploads\/2023\/10\/telechargement.png\" class=\"attachment-large size-large wp-image-3387\" alt=\"\" \/>\t\t\t\t\t\t\t\t\t\t\t\t\t\t\t<\/div>\n\t\t\t\t<\/div>\n\t\t\t\t<\/div>\n\t\t<div class=\"elementor-element elementor-element-7f97bc5 e-con-full e-flex e-con e-child\" data-id=\"7f97bc5\" data-element_type=\"container\" data-e-type=\"container\">\n\t\t\t\t<div class=\"elementor-element elementor-element-d60b31e elementor-widget elementor-widget-heading\" data-id=\"d60b31e\" data-element_type=\"widget\" data-e-type=\"widget\" data-widget_type=\"heading.default\">\n\t\t\t\t<div class=\"elementor-widget-container\">\n\t\t\t\t\t<h2 class=\"elementor-heading-title elementor-size-default\">Ateliers Saint-Jacques und Gie\u00dferei von Coubertin<\/h2>\t\t\t\t<\/div>\n\t\t\t\t<\/div>\n\t\t\t\t<div class=\"elementor-element elementor-element-df15bb7 elementor-widget elementor-widget-text-editor\" data-id=\"df15bb7\" data-element_type=\"widget\" data-e-type=\"widget\" data-widget_type=\"text-editor.default\">\n\t\t\t\t<div class=\"elementor-widget-container\">\n\t\t\t\t\t\t\t\t\t<p>Seit fast siebzig Jahren auf dem Domaine de Coubertin vereint, haben die Ateliers einzigartige Fertigkeiten entwickelt.<\/p><p>Zun\u00e4chst in der Baubranche, mit drei Holz-, Metall- und Steinateliers, die wahre Referenzen in der Restaurierung von Kulturerbe und zeitgen\u00f6ssischer Architektur sind, aber auch in der Kunstwelt dank der Gie\u00dferei von Coubertin, ihrer Bronzewerkstatt und ihrer Werkstatt f\u00fcr getriebenes Metall.<\/p>\t\t\t\t\t\t\t\t<\/div>\n\t\t\t\t<\/div>\n\t\t\t\t<\/div>\n\t\t\t\t\t<\/div>\n\t\t\t\t<\/a>\n\t\t<a class=\"elementor-element elementor-element-4192ab5 e-flex e-con-boxed e-con e-parent\" data-id=\"4192ab5\" data-element_type=\"container\" data-e-type=\"container\" href=\"https:\/\/www.lisondecaunes.com\/\" target=\"_blank\">\n\t\t\t\t\t<div class=\"e-con-inner\">\n\t\t<div class=\"elementor-element elementor-element-8e0205b e-con-full e-flex e-con e-child\" data-id=\"8e0205b\" data-element_type=\"container\" data-e-type=\"container\">\n\t\t\t\t<div class=\"elementor-element elementor-element-310ec5f elementor-widget elementor-widget-image\" data-id=\"310ec5f\" data-element_type=\"widget\" data-e-type=\"widget\" data-widget_type=\"image.default\">\n\t\t\t\t<div class=\"elementor-widget-container\">\n\t\t\t\t\t\t\t\t\t\t\t\t\t\t\t<img loading=\"lazy\" decoding=\"async\" width=\"768\" height=\"173\" src=\"https:\/\/charlesdeppierraz.com\/wp-content\/uploads\/2025\/08\/lison-de-caunes-marqueterie-de-paille.png\" class=\"attachment-large size-large wp-image-3384\" alt=\"\" srcset=\"https:\/\/charlesdeppierraz.com\/wp-content\/uploads\/2025\/08\/lison-de-caunes-marqueterie-de-paille.png 768w, https:\/\/charlesdeppierraz.com\/wp-content\/uploads\/2025\/08\/lison-de-caunes-marqueterie-de-paille-300x68.png 300w\" sizes=\"(max-width: 768px) 100vw, 768px\" \/>\t\t\t\t\t\t\t\t\t\t\t\t\t\t\t<\/div>\n\t\t\t\t<\/div>\n\t\t\t\t<\/div>\n\t\t<div class=\"elementor-element elementor-element-2122453 e-con-full e-flex e-con e-child\" data-id=\"2122453\" data-element_type=\"container\" data-e-type=\"container\">\n\t\t\t\t<div class=\"elementor-element elementor-element-c1a0a1a elementor-widget elementor-widget-heading\" data-id=\"c1a0a1a\" data-element_type=\"widget\" data-e-type=\"widget\" data-widget_type=\"heading.default\">\n\t\t\t\t<div class=\"elementor-widget-container\">\n\t\t\t\t\t<h2 class=\"elementor-heading-title elementor-size-default\">Ateliers Lison de Caunes<\/h2>\t\t\t\t<\/div>\n\t\t\t\t<\/div>\n\t\t\t\t<div class=\"elementor-element elementor-element-819c88c elementor-widget elementor-widget-text-editor\" data-id=\"819c88c\" data-element_type=\"widget\" data-e-type=\"widget\" data-widget_type=\"text-editor.default\">\n\t\t\t\t<div class=\"elementor-widget-container\">\n\t\t\t\t\t\t\t\t\t<p>Lison de Caunes, Ma\u00eetre d\u2019Art, fertigt in ihren Pariser Ateliers ma\u00dfgeschneiderte M\u00f6bel, Dekorationsgegenst\u00e4nde und Wanddekorationen aus Strohmarketerie an.<\/p><p>Durch die Restaurierung antiker Objekte hat Lison de Caunes ma\u00dfgeblich zur Wiederbelebung der Strohmarketerie in der heutigen Dekoration beigetragen.<\/p>\t\t\t\t\t\t\t\t<\/div>\n\t\t\t\t<\/div>\n\t\t\t\t<\/div>\n\t\t\t\t\t<\/div>\n\t\t\t\t<\/a>\n\t\t<a class=\"elementor-element elementor-element-bd02460 e-flex e-con-boxed e-con e-parent\" data-id=\"bd02460\" data-element_type=\"container\" data-e-type=\"container\" href=\"https:\/\/campsite.bio\/ssp\" target=\"_blank\">\n\t\t\t\t\t<div class=\"e-con-inner\">\n\t\t<div class=\"elementor-element elementor-element-b49f9cd e-con-full e-flex e-con e-child\" data-id=\"b49f9cd\" data-element_type=\"container\" data-e-type=\"container\">\n\t\t\t\t<div class=\"elementor-element elementor-element-0e3db60 elementor-widget elementor-widget-image\" data-id=\"0e3db60\" data-element_type=\"widget\" data-e-type=\"widget\" data-widget_type=\"image.default\">\n\t\t\t\t<div class=\"elementor-widget-container\">\n\t\t\t\t\t\t\t\t\t\t\t\t\t\t\t<img loading=\"lazy\" decoding=\"async\" width=\"225\" height=\"225\" src=\"https:\/\/charlesdeppierraz.com\/wp-content\/uploads\/2023\/10\/Studio-Saint-Pierre.png\" class=\"attachment-large size-large wp-image-3388\" alt=\"\" srcset=\"https:\/\/charlesdeppierraz.com\/wp-content\/uploads\/2023\/10\/Studio-Saint-Pierre.png 225w, https:\/\/charlesdeppierraz.com\/wp-content\/uploads\/2023\/10\/Studio-Saint-Pierre-150x150.png 150w\" sizes=\"(max-width: 225px) 100vw, 225px\" \/>\t\t\t\t\t\t\t\t\t\t\t\t\t\t\t<\/div>\n\t\t\t\t<\/div>\n\t\t\t\t<\/div>\n\t\t<div class=\"elementor-element elementor-element-253f773 e-con-full e-flex e-con e-child\" data-id=\"253f773\" data-element_type=\"container\" data-e-type=\"container\">\n\t\t\t\t<div class=\"elementor-element elementor-element-e9ff5aa elementor-widget elementor-widget-heading\" data-id=\"e9ff5aa\" data-element_type=\"widget\" data-e-type=\"widget\" data-widget_type=\"heading.default\">\n\t\t\t\t<div class=\"elementor-widget-container\">\n\t\t\t\t\t<h2 class=\"elementor-heading-title elementor-size-default\">Studio Saint Pierre<\/h2>\t\t\t\t<\/div>\n\t\t\t\t<\/div>\n\t\t\t\t<div class=\"elementor-element elementor-element-4c52fcc elementor-widget elementor-widget-text-editor\" data-id=\"4c52fcc\" data-element_type=\"widget\" data-e-type=\"widget\" data-widget_type=\"text-editor.default\">\n\t\t\t\t<div class=\"elementor-widget-container\">\n\t\t\t\t\t\t\t\t\t<p>Studio Saint-Pierre ist ein multidisziplin\u00e4res Atelier, das sich auf die Kreation ma\u00dfgeschneiderter Oberfl\u00e4chen und Texturen spezialisiert hat. Es verf\u00fcgt \u00fcber besondere Expertise in der Verwendung von Fl\u00fcssigmetall und Lacken.<\/p><p>F\u00fcr einen Prototyp, ein Einzelst\u00fcck oder eine Kleinserie arbeiten ihr Konstruktionsb\u00fcro und ihre Handwerker eng mit Designern zusammen, um au\u00dfergew\u00f6hnliche Objekte, M\u00f6bel oder R\u00e4ume zu schaffen.<br><br><\/p>\t\t\t\t\t\t\t\t<\/div>\n\t\t\t\t<\/div>\n\t\t\t\t<\/div>\n\t\t\t\t\t<\/div>\n\t\t\t\t<\/a>\n\t\t<a class=\"elementor-element elementor-element-f811a08 e-flex e-con-boxed e-con e-parent\" data-id=\"f811a08\" data-element_type=\"container\" data-e-type=\"container\" href=\"https:\/\/www.serafini.com\/\" target=\"_blank\">\n\t\t\t\t\t<div class=\"e-con-inner\">\n\t\t<div class=\"elementor-element elementor-element-a8b6ebb e-con-full e-flex e-con e-child\" data-id=\"a8b6ebb\" data-element_type=\"container\" data-e-type=\"container\">\n\t\t\t\t<div class=\"elementor-element elementor-element-748de24 elementor-widget elementor-widget-image\" data-id=\"748de24\" data-element_type=\"widget\" data-e-type=\"widget\" data-widget_type=\"image.default\">\n\t\t\t\t<div class=\"elementor-widget-container\">\n\t\t\t\t\t\t\t\t\t\t\t\t\t\t\t<img loading=\"lazy\" decoding=\"async\" width=\"165\" height=\"50\" src=\"https:\/\/charlesdeppierraz.com\/wp-content\/uploads\/2024\/05\/Serafini_2022.png\" class=\"attachment-large size-large wp-image-3389\" alt=\"\" \/>\t\t\t\t\t\t\t\t\t\t\t\t\t\t\t<\/div>\n\t\t\t\t<\/div>\n\t\t\t\t<\/div>\n\t\t<div class=\"elementor-element elementor-element-c636c63 e-con-full e-flex e-con e-child\" data-id=\"c636c63\" data-element_type=\"container\" data-e-type=\"container\">\n\t\t\t\t<div class=\"elementor-element elementor-element-3227410 elementor-widget elementor-widget-heading\" data-id=\"3227410\" data-element_type=\"widget\" data-e-type=\"widget\" data-widget_type=\"heading.default\">\n\t\t\t\t<div class=\"elementor-widget-container\">\n\t\t\t\t\t<h2 class=\"elementor-heading-title elementor-size-default\">Serafini<\/h2>\t\t\t\t<\/div>\n\t\t\t\t<\/div>\n\t\t\t\t<div class=\"elementor-element elementor-element-be77449 elementor-widget elementor-widget-text-editor\" data-id=\"be77449\" data-element_type=\"widget\" data-e-type=\"widget\" data-widget_type=\"text-editor.default\">\n\t\t\t\t<div class=\"elementor-widget-container\">\n\t\t\t\t\t\t\t\t\t<p>Serafini pflegt die Tradition italienischer Steinmetzkunst und bringt gleichzeitig Modernit\u00e4t durch Spitzentechnologien ein, die es erm\u00f6glichen, die Grenzen des Machbaren zu erweitern.<\/p><p>Serafini hebt sich von der Massenproduktion ab, indem es Ma\u00dfanfertigungen bevorzugt.<\/p>\t\t\t\t\t\t\t\t<\/div>\n\t\t\t\t<\/div>\n\t\t\t\t<\/div>\n\t\t\t\t\t<\/div>\n\t\t\t\t<\/a>\n\t\t\t\t<\/div>\n\t\t","protected":false},"excerpt":{"rendered":"<p>Au\u00dfergew\u00f6hnliche Handwerker \u201eKeine meiner Kreationen k\u00f6nnte ohne das Know-how und die Expertise au\u00dfergew\u00f6hnlicher Menschen existieren. Diese M\u00e4nner und Frauen, Kunsthandwerker, verstehen es, Materialien zu veredeln und Patinas sowie Oberfl\u00e4chen zu schaffen wie kein anderer. Dank ihnen erwachen meine Kreationen zum Leben und versch\u00f6nern die Innenr\u00e4ume meiner Kunden. Ihr Talent und ihre Hingabe sind der Schl\u00fcssel [&hellip;]<\/p>\n","protected":false},"author":1,"featured_media":0,"parent":0,"menu_order":0,"comment_status":"closed","ping_status":"closed","template":"","meta":{"footnotes":""},"categories":[],"tags":[],"class_list":["post-3383","page","type-page","status-publish","hentry"],"_links":{"self":[{"href":"https:\/\/charlesdeppierraz.com\/de\/wp-json\/wp\/v2\/pages\/3383","targetHints":{"allow":["GET"]}}],"collection":[{"href":"https:\/\/charlesdeppierraz.com\/de\/wp-json\/wp\/v2\/pages"}],"about":[{"href":"https:\/\/charlesdeppierraz.com\/de\/wp-json\/wp\/v2\/types\/page"}],"author":[{"embeddable":true,"href":"https:\/\/charlesdeppierraz.com\/de\/wp-json\/wp\/v2\/users\/1"}],"replies":[{"embeddable":true,"href":"https:\/\/charlesdeppierraz.com\/de\/wp-json\/wp\/v2\/comments?post=3383"}],"version-history":[{"count":1,"href":"https:\/\/charlesdeppierraz.com\/de\/wp-json\/wp\/v2\/pages\/3383\/revisions"}],"predecessor-version":[{"id":3390,"href":"https:\/\/charlesdeppierraz.com\/de\/wp-json\/wp\/v2\/pages\/3383\/revisions\/3390"}],"wp:attachment":[{"href":"https:\/\/charlesdeppierraz.com\/de\/wp-json\/wp\/v2\/media?parent=3383"}],"wp:term":[{"taxonomy":"category","embeddable":true,"href":"https:\/\/charlesdeppierraz.com\/de\/wp-json\/wp\/v2\/categories?post=3383"},{"taxonomy":"post_tag","embeddable":true,"href":"https:\/\/charlesdeppierraz.com\/de\/wp-json\/wp\/v2\/tags?post=3383"}],"curies":[{"name":"wp","href":"https:\/\/api.w.org\/{rel}","templated":true}]}}