{"id":3379,"date":"2025-10-08T17:48:24","date_gmt":"2025-10-08T15:48:24","guid":{"rendered":"https:\/\/charlesdeppierraz.com\/ausstellungen\/"},"modified":"2026-02-16T08:39:28","modified_gmt":"2026-02-16T07:39:28","slug":"ausstellungen","status":"publish","type":"page","link":"https:\/\/charlesdeppierraz.com\/de\/ausstellungen\/","title":{"rendered":"Ausstellungen"},"content":{"rendered":"\t\t<div data-elementor-type=\"wp-page\" data-elementor-id=\"3379\" class=\"elementor elementor-3379 elementor-3240\" data-elementor-post-type=\"page\">\n\t\t\t\t<div class=\"elementor-element elementor-element-56a2063 e-flex e-con-boxed e-con e-parent\" data-id=\"56a2063\" data-element_type=\"container\" data-e-type=\"container\">\n\t\t\t\t\t<div class=\"e-con-inner\">\n\t\t<div class=\"elementor-element elementor-element-6d1ebda e-con-full e-flex e-con e-child\" data-id=\"6d1ebda\" data-element_type=\"container\" data-e-type=\"container\">\n\t\t\t\t<div class=\"elementor-element elementor-element-e46fc41 elementor-widget elementor-widget-heading\" data-id=\"e46fc41\" data-element_type=\"widget\" data-e-type=\"widget\" data-widget_type=\"heading.default\">\n\t\t\t\t<div class=\"elementor-widget-container\">\n\t\t\t\t\t<h2 class=\"elementor-heading-title elementor-size-default\">Bel Ouvrage Collector's Room # 2 \u2013 Paris \u2013 Januar 2026<\/h2>\t\t\t\t<\/div>\n\t\t\t\t<\/div>\n\t\t\t\t<div class=\"elementor-element elementor-element-711888c elementor-widget elementor-widget-image\" data-id=\"711888c\" data-element_type=\"widget\" data-e-type=\"widget\" data-widget_type=\"image.default\">\n\t\t\t\t<div class=\"elementor-widget-container\">\n\t\t\t\t\t\t\t\t\t\t\t\t\t\t\t<img fetchpriority=\"high\" decoding=\"async\" width=\"683\" height=\"1024\" src=\"https:\/\/charlesdeppierraz.com\/wp-content\/uploads\/2026\/02\/SBel-ouvrage-rue-de-verneuil-130126-DBB-15-683x1024.jpg\" class=\"attachment-large size-large wp-image-4189\" alt=\"\" srcset=\"https:\/\/charlesdeppierraz.com\/wp-content\/uploads\/2026\/02\/SBel-ouvrage-rue-de-verneuil-130126-DBB-15-683x1024.jpg 683w, https:\/\/charlesdeppierraz.com\/wp-content\/uploads\/2026\/02\/SBel-ouvrage-rue-de-verneuil-130126-DBB-15-200x300.jpg 200w, https:\/\/charlesdeppierraz.com\/wp-content\/uploads\/2026\/02\/SBel-ouvrage-rue-de-verneuil-130126-DBB-15-768x1152.jpg 768w, https:\/\/charlesdeppierraz.com\/wp-content\/uploads\/2026\/02\/SBel-ouvrage-rue-de-verneuil-130126-DBB-15-1024x1536.jpg 1024w, https:\/\/charlesdeppierraz.com\/wp-content\/uploads\/2026\/02\/SBel-ouvrage-rue-de-verneuil-130126-DBB-15-1366x2048.jpg 1366w, https:\/\/charlesdeppierraz.com\/wp-content\/uploads\/2026\/02\/SBel-ouvrage-rue-de-verneuil-130126-DBB-15-scaled.jpg 1707w\" sizes=\"(max-width: 683px) 100vw, 683px\" \/>\t\t\t\t\t\t\t\t\t\t\t\t\t\t\t<\/div>\n\t\t\t\t<\/div>\n\t\t\t\t<div class=\"elementor-element elementor-element-44a533d elementor-widget elementor-widget-text-editor\" data-id=\"44a533d\" data-element_type=\"widget\" data-e-type=\"widget\" data-widget_type=\"text-editor.default\">\n\t\t\t\t<div class=\"elementor-widget-container\">\n\t\t\t\t\t\t\t\t\t<p>Anfang Januar 2026 zog Bel Ouvrage Collector\u2019s Room zum zweiten Mal in Karl Lagerfelds Apartment ein. Welch passenderer Rahmen, um dort neue St\u00fccke in Begleitung anderer K\u00fcnstler zu pr\u00e4sentieren und Besuchern aus aller Welt ein einzigartiges, vertrauliches und kuratiertes Erlebnis zu bieten. <\/p>\t\t\t\t\t\t\t\t<\/div>\n\t\t\t\t<\/div>\n\t\t\t\t<\/div>\n\t\t\t\t\t<\/div>\n\t\t\t\t<\/div>\n\t\t<div class=\"elementor-element elementor-element-052de36 e-flex e-con-boxed e-con e-parent\" data-id=\"052de36\" data-element_type=\"container\" data-e-type=\"container\">\n\t\t\t\t\t<div class=\"e-con-inner\">\n\t\t<div class=\"elementor-element elementor-element-68d66cb e-con-full e-flex e-con e-child\" data-id=\"68d66cb\" data-element_type=\"container\" data-e-type=\"container\">\n\t\t\t\t<div class=\"elementor-element elementor-element-c1ddb1c elementor-widget elementor-widget-heading\" data-id=\"c1ddb1c\" data-element_type=\"widget\" data-e-type=\"widget\" data-widget_type=\"heading.default\">\n\t\t\t\t<div class=\"elementor-widget-container\">\n\t\t\t\t\t<h2 class=\"elementor-heading-title elementor-size-default\">Bel Ouvrage Collector's Room - Paris - Oktober 2025<\/h2>\t\t\t\t<\/div>\n\t\t\t\t<\/div>\n\t\t\t\t<div class=\"elementor-element elementor-element-018651a elementor-widget elementor-widget-image\" data-id=\"018651a\" data-element_type=\"widget\" data-e-type=\"widget\" data-widget_type=\"image.default\">\n\t\t\t\t<div class=\"elementor-widget-container\">\n\t\t\t\t\t\t\t\t\t\t\t\t\t\t\t<img decoding=\"async\" width=\"2560\" height=\"1828\" src=\"https:\/\/charlesdeppierraz.com\/wp-content\/uploads\/2025\/11\/DSC9128-scaled.jpg\" class=\"attachment-full size-full wp-image-4041\" alt=\"\" srcset=\"https:\/\/charlesdeppierraz.com\/wp-content\/uploads\/2025\/11\/DSC9128-scaled.jpg 2560w, https:\/\/charlesdeppierraz.com\/wp-content\/uploads\/2025\/11\/DSC9128-300x214.jpg 300w, https:\/\/charlesdeppierraz.com\/wp-content\/uploads\/2025\/11\/DSC9128-1024x731.jpg 1024w, https:\/\/charlesdeppierraz.com\/wp-content\/uploads\/2025\/11\/DSC9128-768x549.jpg 768w, https:\/\/charlesdeppierraz.com\/wp-content\/uploads\/2025\/11\/DSC9128-1536x1097.jpg 1536w, https:\/\/charlesdeppierraz.com\/wp-content\/uploads\/2025\/11\/DSC9128-2048x1463.jpg 2048w\" sizes=\"(max-width: 2560px) 100vw, 2560px\" \/>\t\t\t\t\t\t\t\t\t\t\t\t\t\t\t<\/div>\n\t\t\t\t<\/div>\n\t\t\t\t<div class=\"elementor-element elementor-element-4c65efe elementor-widget elementor-widget-text-editor\" data-id=\"4c65efe\" data-element_type=\"widget\" data-e-type=\"widget\" data-widget_type=\"text-editor.default\">\n\t\t\t\t<div class=\"elementor-widget-container\">\n\t\t\t\t\t\t\t\t\t<p>Anl\u00e4sslich der Paris Art Week, einer Woche, die f\u00fcr Kunst- und Designsammler aus aller Welt unverzichtbar geworden ist, hat sich Bel Ouvrage Collector\u2019s Room in Karl Lagerfelds Apartment niedergelassen, um dort ein vertrauliches und kuratorisches Erlebnis anzubieten, das darauf ausgelegt ist, zeitgen\u00f6ssisches Schaffen in einem menschlichen Ma\u00dfstab zu zelebrieren.<\/p>\t\t\t\t\t\t\t\t<\/div>\n\t\t\t\t<\/div>\n\t\t\t\t<\/div>\n\t\t<div class=\"elementor-element elementor-element-c2e408e e-con-full e-flex e-con e-child\" data-id=\"c2e408e\" data-element_type=\"container\" data-e-type=\"container\">\n\t\t\t\t<div class=\"elementor-element elementor-element-5b30d84 elementor-widget elementor-widget-heading\" data-id=\"5b30d84\" data-element_type=\"widget\" data-e-type=\"widget\" data-widget_type=\"heading.default\">\n\t\t\t\t<div class=\"elementor-widget-container\">\n\t\t\t\t\t<h2 class=\"elementor-heading-title elementor-size-default\">Paris Design Week Factory - September 2025<\/h2>\t\t\t\t<\/div>\n\t\t\t\t<\/div>\n\t\t\t\t<div class=\"elementor-element elementor-element-0e8196e elementor-widget__width-initial elementor-widget-mobile__width-initial elementor-widget elementor-widget-image\" data-id=\"0e8196e\" data-element_type=\"widget\" data-e-type=\"widget\" data-widget_type=\"image.default\">\n\t\t\t\t<div class=\"elementor-widget-container\">\n\t\t\t\t\t\t\t\t\t\t\t\t\t\t\t<img decoding=\"async\" width=\"683\" height=\"1024\" src=\"https:\/\/charlesdeppierraz.com\/wp-content\/uploads\/2025\/11\/W5A2044b-683x1024.jpg\" class=\"attachment-large size-large wp-image-4040\" alt=\"\" srcset=\"https:\/\/charlesdeppierraz.com\/wp-content\/uploads\/2025\/11\/W5A2044b-683x1024.jpg 683w, https:\/\/charlesdeppierraz.com\/wp-content\/uploads\/2025\/11\/W5A2044b-200x300.jpg 200w, https:\/\/charlesdeppierraz.com\/wp-content\/uploads\/2025\/11\/W5A2044b-768x1151.jpg 768w, https:\/\/charlesdeppierraz.com\/wp-content\/uploads\/2025\/11\/W5A2044b-1025x1536.jpg 1025w, https:\/\/charlesdeppierraz.com\/wp-content\/uploads\/2025\/11\/W5A2044b-1366x2048.jpg 1366w, https:\/\/charlesdeppierraz.com\/wp-content\/uploads\/2025\/11\/W5A2044b-scaled.jpg 1708w\" sizes=\"(max-width: 683px) 100vw, 683px\" \/>\t\t\t\t\t\t\t\t\t\t\t\t\t\t\t<\/div>\n\t\t\t\t<\/div>\n\t\t\t\t<div class=\"elementor-element elementor-element-05cba49 elementor-widget elementor-widget-text-editor\" data-id=\"05cba49\" data-element_type=\"widget\" data-e-type=\"widget\" data-widget_type=\"text-editor.default\">\n\t\t\t\t<div class=\"elementor-widget-container\">\n\t\t\t\t\t\t\t\t\t<p>Im au\u00dfergew\u00f6hnlichen Rahmen der Paris Design Week 2025 stellte Charles-Emmanuel Deppierraz zum ersten Mal seine Kreationen aus. So konnte das Pariser Publikum acht neue M\u00f6bel- und Leuchtenst\u00fccke im Rahmen der Factory in der Rue de Turenne im Marais entdecken. <\/p>\t\t\t\t\t\t\t\t<\/div>\n\t\t\t\t<\/div>\n\t\t\t\t<\/div>\n\t\t\t\t\t<\/div>\n\t\t\t\t<\/div>\n\t\t\t\t<\/div>\n\t\t","protected":false},"excerpt":{"rendered":"<p>Bel Ouvrage Collector&#8217;s Room # 2 \u2013 Paris \u2013 Januar 2026 Anfang Januar 2026 zog Bel Ouvrage Collector\u2019s Room zum zweiten Mal in Karl Lagerfelds Apartment ein. Welch passenderer Rahmen, um dort neue St\u00fccke in Begleitung anderer K\u00fcnstler zu pr\u00e4sentieren und Besuchern aus aller Welt ein einzigartiges, vertrauliches und kuratiertes Erlebnis zu bieten. Bel Ouvrage [&hellip;]<\/p>\n","protected":false},"author":1,"featured_media":0,"parent":0,"menu_order":0,"comment_status":"closed","ping_status":"closed","template":"","meta":{"footnotes":""},"categories":[],"tags":[],"class_list":["post-3379","page","type-page","status-publish","hentry"],"_links":{"self":[{"href":"https:\/\/charlesdeppierraz.com\/de\/wp-json\/wp\/v2\/pages\/3379","targetHints":{"allow":["GET"]}}],"collection":[{"href":"https:\/\/charlesdeppierraz.com\/de\/wp-json\/wp\/v2\/pages"}],"about":[{"href":"https:\/\/charlesdeppierraz.com\/de\/wp-json\/wp\/v2\/types\/page"}],"author":[{"embeddable":true,"href":"https:\/\/charlesdeppierraz.com\/de\/wp-json\/wp\/v2\/users\/1"}],"replies":[{"embeddable":true,"href":"https:\/\/charlesdeppierraz.com\/de\/wp-json\/wp\/v2\/comments?post=3379"}],"version-history":[{"count":4,"href":"https:\/\/charlesdeppierraz.com\/de\/wp-json\/wp\/v2\/pages\/3379\/revisions"}],"predecessor-version":[{"id":4190,"href":"https:\/\/charlesdeppierraz.com\/de\/wp-json\/wp\/v2\/pages\/3379\/revisions\/4190"}],"wp:attachment":[{"href":"https:\/\/charlesdeppierraz.com\/de\/wp-json\/wp\/v2\/media?parent=3379"}],"wp:term":[{"taxonomy":"category","embeddable":true,"href":"https:\/\/charlesdeppierraz.com\/de\/wp-json\/wp\/v2\/categories?post=3379"},{"taxonomy":"post_tag","embeddable":true,"href":"https:\/\/charlesdeppierraz.com\/de\/wp-json\/wp\/v2\/tags?post=3379"}],"curies":[{"name":"wp","href":"https:\/\/api.w.org\/{rel}","templated":true}]}}