{"id":3363,"date":"2025-08-07T20:09:21","date_gmt":"2025-08-07T18:09:21","guid":{"rendered":"https:\/\/charlesdeppierraz.com\/ny2\/"},"modified":"2025-11-05T09:10:10","modified_gmt":"2025-11-05T08:10:10","slug":"ny2","status":"publish","type":"page","link":"https:\/\/charlesdeppierraz.com\/de\/ny2\/","title":{"rendered":"NY2"},"content":{"rendered":"\t\t<div data-elementor-type=\"wp-page\" data-elementor-id=\"3363\" class=\"elementor elementor-3363 elementor-3052\" data-elementor-post-type=\"page\">\n\t\t\t\t<div class=\"elementor-element elementor-element-49c5b6a0 e-flex e-con-boxed e-con e-parent\" data-id=\"49c5b6a0\" data-element_type=\"container\" data-e-type=\"container\">\n\t\t\t\t\t<div class=\"e-con-inner\">\n\t\t\t\t<div class=\"elementor-element elementor-element-574005a9 elementor-widget elementor-widget-image\" data-id=\"574005a9\" data-element_type=\"widget\" data-e-type=\"widget\" data-widget_type=\"image.default\">\n\t\t\t\t<div class=\"elementor-widget-container\">\n\t\t\t\t\t\t\t\t\t\t\t\t\t\t\t<img fetchpriority=\"high\" decoding=\"async\" width=\"1920\" height=\"2560\" src=\"https:\/\/charlesdeppierraz.com\/wp-content\/uploads\/2025\/09\/1_NY2_Charles_Emmanuel_Deppierraz-scaled.jpg\" class=\"attachment-full size-full wp-image-3369\" alt=\"\" srcset=\"https:\/\/charlesdeppierraz.com\/wp-content\/uploads\/2025\/09\/1_NY2_Charles_Emmanuel_Deppierraz-scaled.jpg 1920w, https:\/\/charlesdeppierraz.com\/wp-content\/uploads\/2025\/09\/1_NY2_Charles_Emmanuel_Deppierraz-225x300.jpg 225w, https:\/\/charlesdeppierraz.com\/wp-content\/uploads\/2025\/09\/1_NY2_Charles_Emmanuel_Deppierraz-768x1024.jpg 768w, https:\/\/charlesdeppierraz.com\/wp-content\/uploads\/2025\/09\/1_NY2_Charles_Emmanuel_Deppierraz-1152x1536.jpg 1152w, https:\/\/charlesdeppierraz.com\/wp-content\/uploads\/2025\/09\/1_NY2_Charles_Emmanuel_Deppierraz-1536x2048.jpg 1536w\" sizes=\"(max-width: 1920px) 100vw, 1920px\" \/>\t\t\t\t\t\t\t\t\t\t\t\t\t\t\t<\/div>\n\t\t\t\t<\/div>\n\t\t\t\t<div class=\"elementor-element elementor-element-234c4d03 elementor-widget elementor-widget-heading\" data-id=\"234c4d03\" data-element_type=\"widget\" data-e-type=\"widget\" data-widget_type=\"heading.default\">\n\t\t\t\t<div class=\"elementor-widget-container\">\n\t\t\t\t\t<h2 class=\"elementor-heading-title elementor-size-default\">NY2<\/h2>\t\t\t\t<\/div>\n\t\t\t\t<\/div>\n\t\t\t\t<div class=\"elementor-element elementor-element-2e49fef0 elementor-widget elementor-widget-text-editor\" data-id=\"2e49fef0\" data-element_type=\"widget\" data-e-type=\"widget\" data-widget_type=\"text-editor.default\">\n\t\t\t\t<div class=\"elementor-widget-container\">\n\t\t\t\t\t\t\t\t\t<p>Spiegel aus Strohmarketerie und Metalliclack.<\/p><p>Jedes St\u00fcck ist signiert, nummeriert und wird mit seinem Echtheitszertifikat geliefert.<\/p><p>Hergestellt in Frankreich von den Ateliers Lison de Caune und den Ateliers St-Jacques.<\/p><p>Ma\u00dfe: \u00d8 1100 mm.<\/p><p><span style=\"color: var( --e-global-color-text ); text-align: var(--text-align);\">Lieferzeit zwischen 14 und 16 Wochen.<\/span><\/p><p>Individuelle Ausf\u00fchrungen auf Anfrage.<\/p>\t\t\t\t\t\t\t\t<\/div>\n\t\t\t\t<\/div>\n\t\t\t\t\t<\/div>\n\t\t\t\t<\/div>\n\t\t<div class=\"elementor-element elementor-element-5765e10b e-flex e-con-boxed e-con e-parent\" data-id=\"5765e10b\" data-element_type=\"container\" data-e-type=\"container\">\n\t\t\t\t\t<div class=\"e-con-inner\">\n\t\t<div class=\"elementor-element elementor-element-6ad098bc e-con-full e-flex e-con e-child\" data-id=\"6ad098bc\" data-element_type=\"container\" data-e-type=\"container\">\n\t\t\t\t<div class=\"elementor-element elementor-element-448dfa83 elementor-align-center elementor-widget elementor-widget-button\" data-id=\"448dfa83\" data-element_type=\"widget\" data-e-type=\"widget\" data-widget_type=\"button.default\">\n\t\t\t\t<div class=\"elementor-widget-container\">\n\t\t\t\t\t\t\t\t\t<div class=\"elementor-button-wrapper\">\n\t\t\t\t\t<a class=\"elementor-button elementor-button-link elementor-size-md\" href=\"mailto:acquisitions@charlesdeppierraz.com\">\n\t\t\t\t\t\t<span class=\"elementor-button-content-wrapper\">\n\t\t\t\t\t\t\t\t\t<span class=\"elementor-button-text\">Angebot anfordern<\/span>\n\t\t\t\t\t<\/span>\n\t\t\t\t\t<\/a>\n\t\t\t\t<\/div>\n\t\t\t\t\t\t\t\t<\/div>\n\t\t\t\t<\/div>\n\t\t\t\t<\/div>\n\t\t<div class=\"elementor-element elementor-element-6a462a54 e-con-full e-flex e-con e-child\" data-id=\"6a462a54\" data-element_type=\"container\" data-e-type=\"container\">\n\t\t\t\t<div class=\"elementor-element elementor-element-668a391f elementor-align-center elementor-widget elementor-widget-button\" data-id=\"668a391f\" data-element_type=\"widget\" data-e-type=\"widget\" data-widget_type=\"button.default\">\n\t\t\t\t<div class=\"elementor-widget-container\">\n\t\t\t\t\t\t\t\t\t<div class=\"elementor-button-wrapper\">\n\t\t\t\t\t<a class=\"elementor-button elementor-button-link elementor-size-md\" href=\"https:\/\/s3.eu-north-1.amazonaws.com\/charlesdeppierraz.com\/NY2.pdf\">\n\t\t\t\t\t\t<span class=\"elementor-button-content-wrapper\">\n\t\t\t\t\t\t<span class=\"elementor-button-icon\">\n\t\t\t\t<i aria-hidden=\"true\" class=\"far fa-file-pdf\"><\/i>\t\t\t<\/span>\n\t\t\t\t\t\t\t\t\t<span class=\"elementor-button-text\">Dokumentation herunterladen<\/span>\n\t\t\t\t\t<\/span>\n\t\t\t\t\t<\/a>\n\t\t\t\t<\/div>\n\t\t\t\t\t\t\t\t<\/div>\n\t\t\t\t<\/div>\n\t\t\t\t<\/div>\n\t\t\t\t\t<\/div>\n\t\t\t\t<\/div>\n\t\t<div class=\"elementor-element elementor-element-8a1381f e-flex e-con-boxed e-con e-parent\" data-id=\"8a1381f\" data-element_type=\"container\" data-e-type=\"container\">\n\t\t\t\t\t<div class=\"e-con-inner\">\n\t\t\t\t<div class=\"elementor-element elementor-element-5900f00f elementor-widget elementor-widget-image\" data-id=\"5900f00f\" data-element_type=\"widget\" data-e-type=\"widget\" data-widget_type=\"image.default\">\n\t\t\t\t<div class=\"elementor-widget-container\">\n\t\t\t\t\t\t\t\t\t\t\t\t\t\t\t<img decoding=\"async\" src=\"https:\/\/charlesdeppierraz.com\/wp-content\/uploads\/2025\/09\/2_NY2_Charles_Emmanuel_Deppierraz-scaled.jpg\" title=\"2_NY2_Charles_Emmanuel_Deppierraz\" alt=\"2_NY2_Charles_Emmanuel_Deppierraz\" loading=\"lazy\" \/>\t\t\t\t\t\t\t\t\t\t\t\t\t\t\t<\/div>\n\t\t\t\t<\/div>\n\t\t\t\t\t<\/div>\n\t\t\t\t<\/div>\n\t\t\t\t<\/div>\n\t\t","protected":false},"excerpt":{"rendered":"<p>NY2 Spiegel aus Strohmarketerie und Metalliclack. Jedes St\u00fcck ist signiert, nummeriert und wird mit seinem Echtheitszertifikat geliefert. Hergestellt in Frankreich von den Ateliers Lison de Caune und den Ateliers St-Jacques. Ma\u00dfe: \u00d8 1100 mm. Lieferzeit zwischen 14 und 16 Wochen. Individuelle Ausf\u00fchrungen auf Anfrage. Angebot anfordern Dokumentation herunterladen<\/p>\n","protected":false},"author":1,"featured_media":3367,"parent":0,"menu_order":0,"comment_status":"closed","ping_status":"closed","template":"","meta":{"footnotes":""},"categories":[],"tags":[],"class_list":["post-3363","page","type-page","status-publish","has-post-thumbnail","hentry"],"_links":{"self":[{"href":"https:\/\/charlesdeppierraz.com\/de\/wp-json\/wp\/v2\/pages\/3363","targetHints":{"allow":["GET"]}}],"collection":[{"href":"https:\/\/charlesdeppierraz.com\/de\/wp-json\/wp\/v2\/pages"}],"about":[{"href":"https:\/\/charlesdeppierraz.com\/de\/wp-json\/wp\/v2\/types\/page"}],"author":[{"embeddable":true,"href":"https:\/\/charlesdeppierraz.com\/de\/wp-json\/wp\/v2\/users\/1"}],"replies":[{"embeddable":true,"href":"https:\/\/charlesdeppierraz.com\/de\/wp-json\/wp\/v2\/comments?post=3363"}],"version-history":[{"count":1,"href":"https:\/\/charlesdeppierraz.com\/de\/wp-json\/wp\/v2\/pages\/3363\/revisions"}],"predecessor-version":[{"id":3374,"href":"https:\/\/charlesdeppierraz.com\/de\/wp-json\/wp\/v2\/pages\/3363\/revisions\/3374"}],"wp:featuredmedia":[{"embeddable":true,"href":"https:\/\/charlesdeppierraz.com\/de\/wp-json\/wp\/v2\/media\/3367"}],"wp:attachment":[{"href":"https:\/\/charlesdeppierraz.com\/de\/wp-json\/wp\/v2\/media?parent=3363"}],"wp:term":[{"taxonomy":"category","embeddable":true,"href":"https:\/\/charlesdeppierraz.com\/de\/wp-json\/wp\/v2\/categories?post=3363"},{"taxonomy":"post_tag","embeddable":true,"href":"https:\/\/charlesdeppierraz.com\/de\/wp-json\/wp\/v2\/tags?post=3363"}],"curies":[{"name":"wp","href":"https:\/\/api.w.org\/{rel}","templated":true}]}}